{"id":42,"date":"2022-10-10T12:22:01","date_gmt":"2022-10-10T10:22:01","guid":{"rendered":"http:\/\/ragdolls-traumauge.de\/?page_id=42"},"modified":"2026-01-31T13:05:12","modified_gmt":"2026-01-31T12:05:12","slug":"impressum","status":"publish","type":"page","link":"https:\/\/ragdolls-traumauge.de\/?page_id=42","title":{"rendered":"Impressum"},"content":{"rendered":"<p>Irina Ihl<br \/>\nH.-Rau-Str. 44<br \/>\nD \u2013 15344 Strausberg<\/p>\n<p><span style=\"font-size: revert;\">Telf.: 03341313813 &#8211; <\/span><span style=\"font-size: revert;\">WhatsApp: 0171-3182150; <\/span><span style=\"font-size: revert;\">E-Mail: info@ragdolls-traumauge.de<\/span><\/p>\n<p>Webdesigner: Klaus Gottesmann<\/p>\n<p><strong>Alle Texte, Bilder und Video`s\u00a0 unterliegen dem Urheberrecht.\u00a0 Downloads und Kopien dieser Seite sind f\u00fcr den privaten und kommerziellen Gebrauch nicht gestattet.<\/strong><\/p>\n<p>Haftungshinweis: Die auf unseren Internetseiten enthaltenen Informationen und Angaben wurden sorgf\u00e4ltig gepr\u00fcft.<\/p>\n<p>Dies ist ein Service, ersetzt aber eine individuelle und pers\u00f6nliche Beratung nicht.<br \/>\nWenn Sie weitere Daten und Informationen w\u00fcnschen, nehmen Sie bitte Kontakt mit den genannten Verantwortlichen auf.<\/p>\n<p>Alle Rechte vorbehalten.<\/p>\n<p>F\u00fcr die Richtigkeit und Vollst\u00e4ndigkeit der Angaben wird keine Gew\u00e4hr \u00fcbernommen. Kopien d\u00fcrfen nur nach vorheriger schriftlicher Zustimmung des Anbieters erfolgen.<\/p>\n<p>Dasselbe gilt f\u00fcr die Inhalte Dritter, die \u00fcber diese Seiten zug\u00e4nglich sind. In keinem Fall wird f\u00fcr eventuelle Sch\u00e4den, die sich aus der Verwendung der vorgefundenen Informationen ergeben k\u00f6nnten,\u00a0eine Haftung \u00fcbernommen. F\u00fcr technische Fragen stehen wir gern zur Verf\u00fcgung.<\/p>\n<p>Wir weisen ausdr\u00fccklich darauf hin, dass alle Links, die sich in einem neuen Browserfenster \u00f6ffnen, nicht mehr zu unserem Internetseitenumfang geh\u00f6ren. F\u00fcr diese Inhalte sind die jeweiligen Anbieter verantwortlich.<\/p>\n<p>Wir \u00fcbernehmen dazu keine Haftung.<\/p>\n","protected":false},"excerpt":{"rendered":"<p>Irina Ihl H.-Rau-Str. 44 D \u2013 15344 Strausberg Telf.: 03341313813 &#8211; WhatsApp: 0171-3182150; E-Mail: info@ragdolls-traumauge.de Webdesigner: Klaus Gottesmann Alle Texte, Bilder und Video`s\u00a0 unterliegen dem Urheberrecht.\u00a0 Downloads und Kopien dieser Seite sind f\u00fcr den privaten und kommerziellen Gebrauch nicht gestattet. Haftungshinweis: Die auf unseren Internetseiten enthaltenen Informationen und Angaben wurden sorgf\u00e4ltig gepr\u00fcft. Dies ist ein [&hellip;]<\/p>\n","protected":false},"author":1,"featured_media":0,"parent":0,"menu_order":0,"comment_status":"closed","ping_status":"closed","template":"","meta":{"footnotes":""},"class_list":["post-42","page","type-page","status-publish","hentry"],"_links":{"self":[{"href":"https:\/\/ragdolls-traumauge.de\/index.php?rest_route=\/wp\/v2\/pages\/42","targetHints":{"allow":["GET"]}}],"collection":[{"href":"https:\/\/ragdolls-traumauge.de\/index.php?rest_route=\/wp\/v2\/pages"}],"about":[{"href":"https:\/\/ragdolls-traumauge.de\/index.php?rest_route=\/wp\/v2\/types\/page"}],"author":[{"embeddable":true,"href":"https:\/\/ragdolls-traumauge.de\/index.php?rest_route=\/wp\/v2\/users\/1"}],"replies":[{"embeddable":true,"href":"https:\/\/ragdolls-traumauge.de\/index.php?rest_route=%2Fwp%2Fv2%2Fcomments&post=42"}],"version-history":[{"count":14,"href":"https:\/\/ragdolls-traumauge.de\/index.php?rest_route=\/wp\/v2\/pages\/42\/revisions"}],"predecessor-version":[{"id":1371,"href":"https:\/\/ragdolls-traumauge.de\/index.php?rest_route=\/wp\/v2\/pages\/42\/revisions\/1371"}],"wp:attachment":[{"href":"https:\/\/ragdolls-traumauge.de\/index.php?rest_route=%2Fwp%2Fv2%2Fmedia&parent=42"}],"curies":[{"name":"wp","href":"https:\/\/api.w.org\/{rel}","templated":true}]}}