{"id":341,"date":"2022-11-06T17:44:15","date_gmt":"2022-11-06T16:44:15","guid":{"rendered":"http:\/\/ragdolls-traumauge.de\/?page_id=341"},"modified":"2023-02-23T21:28:54","modified_gmt":"2023-02-23T20:28:54","slug":"ein-kaetzchen-zieht-ein","status":"publish","type":"page","link":"https:\/\/ragdolls-traumauge.de\/?page_id=341","title":{"rendered":"Mein K\u00e4tzchen zieht ein"},"content":{"rendered":"<p>Zieht bei einer Familie zum ersten Mal ein K\u00e4tzchen ein, hat man bei all der Freude manchmal auch einige Fragezeichen in seinem Kopf, denn man m\u00f6chte dem K\u00e4tzchen alles Gute und nur das Beste bieten:<\/p>\n<p>Was braucht also solch ein kleines Wesen nun, um sich bei Ihnen wohlf\u00fchlen zu k\u00f6nnen und ein gl\u00fcckliches, langes, gesundes und zufriedenes Leben zu haben?<\/p>\n<p><strong>Zuwendung:<\/strong><\/p>\n<p>Kommt ein neues kleines Familienmitglied zu Hause an, sollte es m\u00f6glichst ruhig sein. F\u00fcr den Neuzugang sollten Sie ein paar freie Tage einplanen, damit es richtig in Ruhe und in Geborgenheit ankommen kann. K\u00e4tzchen und Mensch sollten sich von Anfang an ganz in Ruhe kennenlernen k\u00f6nnen. Auf Besuch von der Verwandtschaft sowie von Freunden sollte in den ersten Tagen nach der Ankunft verzichtet werden. Es w\u00e4re zu aufregend f\u00fcr den kleinen neuen Racker.<\/p>\n<p>Um ein gutes Gef\u00fchl des Kittens bei ihren neuen Besitzern*innen erzeugen zu k\u00f6nnen, bedarf es Geduld, innere Ruhe und einen liebevollen Umgang, denn die Anfahrt in das neue Heim ist meist schon sehr aufregend f\u00fcr das kleine K\u00e4tzchen &#8211; mitunter ist es pl\u00f6tzlich ohne seine Geschwister und Mama sowie weg von seiner bekannten Katzengruppe -. Auch sollte es unbedingt aus Sicherheitsgr\u00fcnden unterwegs in der geschlossenen Transportbox verbleiben.<\/p>\n<p>Je nach Temperament wird es entweder sehr neugierig seine neue Umgebung erkunden wollen oder ersch\u00f6pft und etwas zur\u00fcckhaltend sein. Es braucht daher erst einmal Ruhe und die M\u00f6glichkeit sich zur\u00fcck ziehen zu k\u00f6nnen. Am besten ist es daher die Transportbox in einem ruhigen Zimmer abzustellen. Ich empfehle zudem die Katzentoilette nicht all zu weit und sichtbar f\u00fcr das neue kleine Familienmitglied zu plazieren. Nun kann der Neuank\u00f6mmling dann selbst entscheiden, wieviel Zeit er braucht, um sich zu erholen und die Transportbox zu verlassen. Ein Kuschelkissen oder eine Decke mit dem Geruch der Mutter und den Geschwistern in die Transportbox zu legen hat sich ebenfalls bew\u00e4hrt.<\/p>\n<p>Auch wenn es noch so schwer f\u00e4llt, dass Katzenkind wird Ihnen sehr dankbar daf\u00fcr sein, dass es selbst bestimmen darf, in welchem Tempo es Kontakt zur neuen Familie aufnimmt und das neue Umfeld erkundet. F\u00fchlt der kleine Racker, dass er an einem sicheren und geborgenen Platz angekommen ist, f\u00e4llt ihm die Eingew\u00f6hnung leichter. Geht der neue Besitzer entspannt mit dem kleinen Fellkn\u00e4ul um, ist das die ideale Grundlage daf\u00fcr, dass sich das K\u00e4tzchen von Anfang an angstfrei in seinem neuen Reich bewegen wird.<\/p>\n<p><strong>Was Katzen brauchen &#8211; Zubeh\u00f6r:<\/strong><\/p>\n<p>Einen wichtigen Beitrag zum Wohlbefinden leistet das Zubeh\u00f6r f\u00fcr ein Katzenkind.<\/p>\n<ul>\n<li>Die <strong><em>Transportbox<\/em><\/strong> sollte gro\u00df genug sein, dass eine ausgewachsene Katze lang ausgestreckt liegen kann. Eine zu kleine Transportbox sollte, weil die Ragdoll sehr gro\u00df werden kann und nicht zig Mal neu gekauft werden muss, nicht besorgt werden. Am besten kauft man hier eine Box in mittlerer Gr\u00f6\u00dfe, dass der kleine Schatz eine Weile dort bequem hineinpasst.<\/li>\n<li><em><strong>N\u00e4pfe<\/strong><\/em>: Es empfiehlt sich Trink- und Futternapf aus Keramik zu verwenden, da diese leicht mit hei\u00dfem Wasser ausgesp\u00fclt werden k\u00f6nnen. Die N\u00e4pfe sollten auf einer rutschfesten Unterlage stehen, welche ebenfalls leicht zu reinigen sein sollte. Samtpf\u00f6tchen sch\u00e4tzen einen Standort an dem sie in aller Ruhe fressen und trinken k\u00f6nnen. Die N\u00e4pfe sollten stets sauber gehalten werden.<\/li>\n<li>Ich empfehle zudem einen <em><strong>Katzentrinkbrunnen<\/strong><\/em> aus Keramik (z. B. Lucky Kitty oder Trixie Keramik o.\u00e4.). Hier werden die K\u00e4tzchen mehr zum Trinken animiert. Bei mir werden die Trinkbrunnen dankbar angenommen.<\/li>\n<li>Der <strong><em>Kratzbaum<\/em><\/strong> sollte nicht zu klein sein, da unsere Ragdolls zu den XXL-Katzen geh\u00f6ren. Katzen m\u00fcssen kratzen, dass geh\u00f6rt zu ihren Grundbed\u00fcrfnissen. Steht keine Kratzm\u00f6glichkeit zur Verf\u00fcgung, dann leidet \u00fcber kurz oder lang die Wohnungseinrichtung und die Tapete. Der Kratzbaum sollte standfest und m\u00f6glichst auch deckenhoch sein sowie \u00fcber eine Aussichtsplattform &amp; einen Schlafplatz verf\u00fcgen. Auch Spielzeug kann befestigt werden \u2013 Hauptsache unser kleines Fellkn\u00e4ul kann seine Krallen am richtigen Ort (am Kratzstamm) sch\u00e4rfen.<\/li>\n<li>Das <strong><em>Katzenbett<\/em><\/strong>: Die meiste Zeit des Tages wird oft von den Katzen verschlafen, deshalb brauchen sie unbedingt einen ruhigen Platz, an dem sie sich wohlf\u00fchlt und ganz nach Katzenart ausruhen kann. Jedoch kann sich jeder darauf einstellen, dass der kleine Racker sich auch das Sofa, den Sessel oder das Bett mal als seinen gem\u00fctlichen Schlafplatz aussucht oder \u00fcberall liegt, wo sich seine neuen menschlichen Familienmitglieder aufhalten.<\/li>\n<li>Super ist nat\u00fcrlich auch, wenn die M\u00f6glichkeit ergriffen wird, einen <em><strong>Catwork<\/strong> <\/em>anzubringen.<\/li>\n<li><em><strong>Katzenangeln, Katzenspielzeug wie B\u00e4lle, Federn oder eine Spielschiene innen mit B\u00e4llen oder andere interaktive Spielzeuge und \u00e4hnliches<\/strong><\/em> sollten ebenfalls nicht fehlen.<\/li>\n<li>Besteht der Wunsch, dass die Katzen frische Luft schnappen sollen, so muss man den <strong><em>Balkon oder die Terrasse unbedingt katzensicher abtrennen<\/em><\/strong>.<\/li>\n<li><strong>Futter und Trinken:\u00a0<\/strong>Den Fellpops zu liebe, sollten Sie den neuen Mitbewohner daher nur mit hochwertigen Nassfutter versorgen. Dieses sollte den Kitten zu Beginn drei Mal und bei ausgewachsenen Katzen zweimal am Tag zur Verf\u00fcgung gestellt werden. Zudem lieben meine Kitten auch rohes klein geschnittenes Fleisch (Rind und Pute) oder auch frisches Fischfilet ohne Gr\u00e4ten. Dieses bekommen sie ein bis zu drei Mal in der Woche. Bei der Gabe von Trockenfutter \u00fcber den Tag, wenn man zum Beispiel nicht daheim sein kann und es partout nicht anders geht, sollte dieses einen hohen Fleischanteil haben. Ganz wichtig ist hierbei, stets gen\u00fcgend frisches Wasser (am besten u. a. einen Trinkbrunnen) zur Verf\u00fcgung zu stellen. <span style=\"font-size: revert; color: initial;\">Die genaue Aufstellung der Futtergaben wird Ihnen vorher entsprechend zugesandt. Beachten Sie bitte auch, dass Futtern\u00e4pfe und Wassern\u00e4pfe nie zu eng beisammen sowie auch weit weg von den Katzentoiletten stehen.<br \/>\n<\/span><\/li>\n<\/ul>\n","protected":false},"excerpt":{"rendered":"<p>Zieht bei einer Familie zum ersten Mal ein K\u00e4tzchen ein, hat man bei all der Freude manchmal auch einige Fragezeichen in seinem Kopf, denn man m\u00f6chte dem K\u00e4tzchen alles Gute und nur das Beste bieten: Was braucht also solch ein kleines Wesen nun, um sich bei Ihnen wohlf\u00fchlen zu k\u00f6nnen und ein gl\u00fcckliches, langes, gesundes [&hellip;]<\/p>\n","protected":false},"author":1,"featured_media":0,"parent":0,"menu_order":0,"comment_status":"closed","ping_status":"closed","template":"","meta":{"footnotes":""},"class_list":["post-341","page","type-page","status-publish","hentry"],"_links":{"self":[{"href":"https:\/\/ragdolls-traumauge.de\/index.php?rest_route=\/wp\/v2\/pages\/341","targetHints":{"allow":["GET"]}}],"collection":[{"href":"https:\/\/ragdolls-traumauge.de\/index.php?rest_route=\/wp\/v2\/pages"}],"about":[{"href":"https:\/\/ragdolls-traumauge.de\/index.php?rest_route=\/wp\/v2\/types\/page"}],"author":[{"embeddable":true,"href":"https:\/\/ragdolls-traumauge.de\/index.php?rest_route=\/wp\/v2\/users\/1"}],"replies":[{"embeddable":true,"href":"https:\/\/ragdolls-traumauge.de\/index.php?rest_route=%2Fwp%2Fv2%2Fcomments&post=341"}],"version-history":[{"count":7,"href":"https:\/\/ragdolls-traumauge.de\/index.php?rest_route=\/wp\/v2\/pages\/341\/revisions"}],"predecessor-version":[{"id":448,"href":"https:\/\/ragdolls-traumauge.de\/index.php?rest_route=\/wp\/v2\/pages\/341\/revisions\/448"}],"wp:attachment":[{"href":"https:\/\/ragdolls-traumauge.de\/index.php?rest_route=%2Fwp%2Fv2%2Fmedia&parent=341"}],"curies":[{"name":"wp","href":"https:\/\/api.w.org\/{rel}","templated":true}]}}