{"id":339,"date":"2022-11-06T17:40:48","date_gmt":"2022-11-06T16:40:48","guid":{"rendered":"http:\/\/ragdolls-traumauge.de\/?page_id=339"},"modified":"2025-08-25T18:37:53","modified_gmt":"2025-08-25T16:37:53","slug":"abgabeinfo","status":"publish","type":"page","link":"https:\/\/ragdolls-traumauge.de\/?page_id=339","title":{"rendered":"Abgabeinfo"},"content":{"rendered":"<header class=\"entry-header\">\n<h1 class=\"entry-title\"><\/h1>\n<\/header>\n<div class=\"entry-content\">\n<p><strong>Meine Kitten sowie sp\u00e4ter mal verf\u00fcgbare Tiere werden nicht in Einzelhaltung abgegeben! Die Abgabe erfolgt daher nur zu einer vorhandenen Katze (bis max. 6 Jahren), zu einem anderem adoptierten K\u00e4tzchen oder wenn nicht vorhanden, nur von zwei meiner Kitten.<\/strong> Eine eher seltene Ausnahme gibt es nur, wenn es sich um einen ausgesprochenen Einzelg\u00e4nger handelt. Ab und zu kommt es auch mal bei der geselligen Ragdoll vor, dass jemand ein ausgesprochener Einzelg\u00e4nger ist, was sehr selten der Fall sein wird. Und dies wird nicht auf Kitten zutreffen, sondern ein Ausnahmefall bei erwachsenen Tieren (z. B. aus der Zucht genommenen Ragdolls) sein.<\/p>\n<p>Besonders die Rasse Ragdoll sind besonders soziale Tiere und brauchen einen Spiel- und Schmusepartner in Katzengestalt als Gesellschaft. <span style=\"font-size: revert;\">Ragdolls werden zwar als sogenannte Hundekatzen bezeichnet, doch damit ist haupts\u00e4chlich ihr Wesen gemeint. Sie verfolgen den Menschen meist auf Schritt &amp; Tritt, einige apportieren &amp; lernen gerne Tricks, sind eine gro\u00dfe Katzenrasse, dennoch brauchen sie, um physisch &amp; psychisch gesund zu bleiben, stets einen k\u00e4tzischen Artgenossen. Auch versteht sich die Ragdoll mit netten Hunden ganz gut, doch aufgrund der unterschiedlichen K\u00f6rpersprache werden Hunde nicht den Artgenossen als Katzen ersetzen<\/span><span style=\"font-size: revert;\">. Ragdolls w\u00fcrden vereinsamen (trotz Besch\u00e4ftigung durch den Menschen) und gew\u00f6hnen sich dann oft Unarten an oder k\u00f6nnen krank werden.<\/span><\/p>\n<p>Bei den Kleinen sollte insbesondere in der Anfangszeit sichergestellt werden k\u00f6nnen, dass sie nicht zu lange allein zu Hause bleiben m\u00fcssen. Tiere, welche sich im Ausnahmefall in Einzelhaltung befinden, sollten nie lange alleine daheim sein und brauchen besonders viel die Aufmerksamkeit und viele Spielstunden sowie Schmuseeinheiten.<\/p>\n<p>Meine Kitten kennen alle \u00fcblichen Alltagsger\u00e4usche wie den lauten + leisen Staubsauger, Waschmaschine, Geschirrsp\u00fcler, Klappern von Geschirr u. \u00e4., selbst die Bohrmaschine u.v.m.<\/p>\n<p>Zudem sind meinen Katzen und Kitten die verschiedensten Spielsachen, Kratzb\u00e4ume, Liegekissen und Katzentoiletten bekannt.<\/p>\n<p>Sie m\u00f6gen Kinder und Besucher: innen sowie hatten Bekanntschaft mit kleinen Hunden.<\/p>\n<p>Sie werden nicht in einen ungesicherten Freigang abgegeben! Der Balkon oder der Garten muss daher abgesichert sein, da Ragdolls einfach zu viel Vertrauen in andere Menschen haben oder auch \u00fcberfahren werden k\u00f6nnen.<\/p>\n<p>Die Kitten wachsen hier in einem engem sozialem kleinen Katzenverband auf und d\u00fcrfen sich in allen Zimmern frei bewegen. Da Ragdolls sogenannte Hundekatzen sind, wollen sie \u00fcberall dabei sein, egal ob beim Haushalt erledigen, Fenster putzen, Betten machen usw. Diese wundersch\u00f6nen Katzen wollen ihren Familienmitgliedern meist einfach sehr nahe sein sowie sind sie sehr neugierig und anh\u00e4nglich.<\/p>\n<p>Die Abgabe meiner Kitten erfolgt grunds\u00e4tzlich fr\u00fchestens ab der 16. Woche (dies entspricht ca. einem 7-8 j\u00e4hrigem Kind &gt; gem. der Empfehlung wissenschaftlicher Berichte von Katzenexperten und -psychologen), denn in diesem Alter sind sie bereits viel besser sozialisiert, gefestigt und von der extrem engen Bindung zu ihrer Mama schon meist entw\u00f6hnt. Bevor das K\u00e4tzchen oder die K\u00e4tzchen bei Interesse Ihrerseits einzieht\/einziehen, ist mindestens 1 Besuch bei den kleinen Kitten oder auch Jungtieren oder evtl. erwachsenen Katzen notwendig. Denn Sie wollen ja nicht die Katze im Sack bekommen sowie sollte alles gut passen. Solch ein Besuch k\u00f6nnen Sie fr\u00fchestens nach der ersten Impfung der kleinen Wuschelm\u00e4use einplanen. Der Termin hierzu wird dann im Vorfeld \u00a0abgestimmt.<\/p>\n<p>Die Kitten werden zudem je nach ihrem Entwicklungsstand abgegeben. Dies kann ab und zu auch einmal etwas sp\u00e4ter sein kann. Ich gebe nat\u00fcrlich regelm\u00e4\u00dfig \u00fcber den Entwicklungs- und Gesundheitszustand des\/der Kitten Auskunft.<\/p>\n<p>Zudem k\u00f6nnen Sie sich bei Interesse auf meiner Facebook Seite \u201eRagdoll Cattery v. Traumauge\u201c viele Fotos und einige Videos, kleine Beschreibungen zu meinen Katzen, Elterntieren und dessen Nachwuchs ansehen und den Entwicklungsstand dort entnehmen.<\/p>\n<p>Die Kitten werden mit einem rechtlich gepr\u00fcften Kaufvertrag vermittelt. Das Wunschk\u00e4tzchen k\u00f6nnen Sie mit einer Anzahlung fest reservieren lassen.<\/p>\n<p>Die Reservierung wird innerhalb des Kaufvertrages geregelt. Die Anzahlung wird auf den Kaufpreis angerechnet.<\/p>\n<p>Die Kitten bekommen zudem einen Stammbaum meines Vereins &#8211; dem KfB e.V. \u00fcber den Dachverband des 1. DEKZV e. V. -sowie werden im Fife registriert sein. Hier wird bereits die Mikrochip-Nummer zur Identifizierung des\/der Kitten eingetragen. Sie sind dann mehrfach entwurmt und erhalten in meiner Tierarztpraxis kurz vorm Auszug eine Abschlussuntersuchung. Ihren Impfausweis mit 2 facher Impfung bekommt\/bekommen das\/die Kitten mit in ihr neues Zuhause. Auf Wunsch k\u00f6nnen die Gennachweise zu den negativen Tests zu Erbkrankheiten, FelV, FiV und Farben der Elterntiere hier eingesehen werden. Ab und zu werden einige der Kitten auch eigene Testnachweise durch Laboklin erhalten, welche dann in Kopie den Unterlagen beigef\u00fcgt werden. F\u00fcr Liebhabertiere &#8211; welche reserviert werden &#8211; k\u00f6nnen diese ebenfalls bei Interesse angefordert werden. Diese sind jedoch in diesem Fall kostenpflichtig separat zu erstatten.<\/p>\n<p>Im K\u00f6fferchen der Kitten befinden sich u.a.<br \/>\netwas Spielzeug wie auch ihr Lieblingsspielzeug, eine kleine Kuscheldecke und etwas Nassfutter f\u00fcr die ersten zwei bis drei Tage. Sie werden zus\u00e4tzlich vor ihrem Auszug bei TASSO f\u00fcr Sie bereits registriert sein, so dass Sie die Unterlagen von dort bald nach dem Einzug erhalten.<\/p>\n<p>Zudem werde ich Ihnen vorab eine Liste zum gewohnten Futter und zur Streu \u00fcbersenden, damit Sie sich vor dem Einzug damit befassen &amp; eindecken k\u00f6nnen, denn zun\u00e4chst darf nur das gewohnte Futter gegeben werden, damit die Kleinen nicht gleich an Durchfall o. \u00e4. erkranken. Mit anderem hochwertigen Futter sollte erst nach der vollst\u00e4ndigen Eingew\u00f6hnung des\/der Kitten ganz langsam begonnen werden. Die Umgew\u00f6hnung ist f\u00fcr die Kleinen n\u00e4mlich auch anstrengend, auch wenn es nicht wirklich sichtbar sein wird. Sie werden ebenfalls \u00fcber die Fellpflege, die Vorlieben der Kitten und \u00fcber evtl. Eigenheiten informiert.<\/p>\n<p><strong>Die Preise sind Festpreise und werden nicht gehandelt. Diese k\u00f6nnen Sie bei ernsthaften Interesse durch Abgabe einer kleinen Bewerbung im pers\u00f6nlichen Gespr\u00e4ch erfahren. Der Kaufpreis ist v\u00f6llig realistisch, loyal sowie liegt weit unter meinen tats\u00e4chlichen Ausgaben f\u00fcr die Aufzucht der Kleinen, denn jeder wei\u00df bzw. wenn er sich informiert, was ein Tierarzt, Futter, Katzenstreu, Anschaffungen von katzengerechten Dingen nur bei einem Tier kostet, insbesondere in dieser jetzigen Zeit macht ein guter Z\u00fcchter mehr Verluste als irgendeinen Gewinn. Ein guter Z\u00fcchter wird nie Kitten gewinnmaximierend abgeben, sondern aus Liebe zu den Tieren und um anderen Liebhabern Freude schenken zu k\u00f6nnen. Nur verschenken kann ein Z\u00fcchter die Kleinen einfach nicht.<\/strong><\/p>\n<p>Der Preis f\u00fcr Liebhabertiere variiert unter anderem je nach Farbe und Version. Wenn es dann soweit ist, dass die Kitten ausziehen d\u00fcrfen\/k\u00f6nnen, werde ich diese zu Ihnen nach Hause bringen.<\/p>\n<p>Zuchtpreise erfolgen auf Anfrage. Meine Kitten als traditionelle Ragdolls nach der Genetikkarte von Denny Dayton k\u00f6nnen jedoch grunds\u00e4tzlich nur in eine Zucht mit nur traditionellen Ragdolls abgegeben werden. F\u00fcr einige L\u00e4nder gibt es Einschr\u00e4nkungen zur Abgabe von Zuchttieren.<\/p>\n<p>In Ausnahmef\u00e4llen kann ein kleiner Nachlass gew\u00e4hrt werden.<\/p>\n<p>Ich habe gewisse hohe Anspr\u00fcche zur Abgabe, Gesundheitsvorsorge und Haltung der Kleinen, wie jede\/r Z\u00fcchter\/-in, denen das Wohlergehen der Kitten wichtiger ist, als die Kitten irgendwie einfach nur zu verkaufen.<\/p>\n<p><strong><u>Deshalb ist es erw\u00fcnscht, dass Sie sich als Interessenten: innen ausf\u00fchrlicher bewerben (Zeit, Familien, Wohnsituation u.\u00e4.). Anfangsnachfragen wie: &#8222;Wieviel kostet eins? Will das Liebhabertier unkastriert! Ich komme mal am &#8230; vorbei. Diskussionen warum so teuer u. \u00e4. &#8230;&#8220; werde ich ignorieren<\/u>, da ich wirklich liebevolle Dosis f\u00fcr meine Kitten finden m\u00f6chte, mit denen ich auch sp\u00e4ter den Entwicklungsstand meiner (ehemaligen) Kitten miterleben darf. Ich werde sie n\u00e4mlich alle f\u00fcr immer in meinem Herzen tragen.<\/strong><\/p>\n<p><b>Kontaktieren Sie mich bitte nur <u>per E-Mail, WhatsApp oder Telefon<\/u> (s. meine Kontaktangaben) und zudem bitte nicht nur den Vornamen nennen, sondern auch mit dem Nachnamen melden. Eine Nachricht per SMS und dazu nur mit dem Vornamen werden aus Sicherheitsgr\u00fcnden nicht beantwortet.<\/b><\/p>\n<\/div>\n","protected":false},"excerpt":{"rendered":"<p>Meine Kitten sowie sp\u00e4ter mal verf\u00fcgbare Tiere werden nicht in Einzelhaltung abgegeben! Die Abgabe erfolgt daher nur zu einer vorhandenen Katze (bis max. 6 Jahren), zu einem anderem adoptierten K\u00e4tzchen oder wenn nicht vorhanden, nur von zwei meiner Kitten. Eine eher seltene Ausnahme gibt es nur, wenn es sich um einen ausgesprochenen Einzelg\u00e4nger handelt. Ab [&hellip;]<\/p>\n","protected":false},"author":1,"featured_media":0,"parent":0,"menu_order":0,"comment_status":"closed","ping_status":"closed","template":"","meta":{"footnotes":""},"class_list":["post-339","page","type-page","status-publish","hentry"],"_links":{"self":[{"href":"https:\/\/ragdolls-traumauge.de\/index.php?rest_route=\/wp\/v2\/pages\/339","targetHints":{"allow":["GET"]}}],"collection":[{"href":"https:\/\/ragdolls-traumauge.de\/index.php?rest_route=\/wp\/v2\/pages"}],"about":[{"href":"https:\/\/ragdolls-traumauge.de\/index.php?rest_route=\/wp\/v2\/types\/page"}],"author":[{"embeddable":true,"href":"https:\/\/ragdolls-traumauge.de\/index.php?rest_route=\/wp\/v2\/users\/1"}],"replies":[{"embeddable":true,"href":"https:\/\/ragdolls-traumauge.de\/index.php?rest_route=%2Fwp%2Fv2%2Fcomments&post=339"}],"version-history":[{"count":18,"href":"https:\/\/ragdolls-traumauge.de\/index.php?rest_route=\/wp\/v2\/pages\/339\/revisions"}],"predecessor-version":[{"id":1127,"href":"https:\/\/ragdolls-traumauge.de\/index.php?rest_route=\/wp\/v2\/pages\/339\/revisions\/1127"}],"wp:attachment":[{"href":"https:\/\/ragdolls-traumauge.de\/index.php?rest_route=%2Fwp%2Fv2%2Fmedia&parent=339"}],"curies":[{"name":"wp","href":"https:\/\/api.w.org\/{rel}","templated":true}]}}