{"id":299,"date":"2022-10-12T10:32:06","date_gmt":"2022-10-12T08:32:06","guid":{"rendered":"http:\/\/ragdolls-traumauge.de\/?page_id=299"},"modified":"2024-09-06T08:29:33","modified_gmt":"2024-09-06T06:29:33","slug":"mein-gaestebuch","status":"publish","type":"page","link":"https:\/\/ragdolls-traumauge.de\/?page_id=299","title":{"rendered":"mein G\u00e4stebuch"},"content":{"rendered":"<p><strong>Werte Besucher meiner Homepage.<\/strong><\/p>\n<h3><strong>Ich w\u00fcrde mich sehr \u00fcber einen kurzen Eintrag von den neuen Familien der ehemaligen Kitten in das\u00a0 G\u00e4stebuch freuen.<\/strong><\/h3>\n<h3>Ragdoll Cattery v. Traumauge<\/h3>\n<div><\/div>\n<div class=\"gwolle-gb\"><div class=\"gwolle-gb-messages-top-container\"><\/div>\n\t\t\t<div class=\"gwolle-gb-write-button\">\n\t\t\t\t<input type=\"button\" name=\"gwolle-gb-write-button\" class=\"button btn btn-default \" value=\"Neuen Eintrag schreiben\" aria-expanded=\"false\" \/>\n\t\t\t<\/div>\n\t\t\t<form action=\"#\" method=\"POST\" class=\"gwolle-gb-write gwolle-gb-hide gwolle-gb-float gwolle-gb-form-ajax gwolle-gb-ajax gwolle-gb-not-logged-in\">\n\t\t\t\t<h3>Einen neuen Eintrag f\u00fcr das G\u00e4stebuch schreiben<\/h3>\n\t\t\t\t<button type=\"button\" class=\"gb-notice-dismiss\">x<span class=\"screen-reader-text\">Dieses Formular ausblenden<\/span><\/button>\n\t\t\t\n\t\t\t\t<input type=\"hidden\" name=\"gwolle_gb_function\" class=\"gwolle_gb_function\" value=\"add_entry\" \/><input type=\"hidden\" name=\"gwolle_gb_book_id\" class=\"gwolle_gb_book_id\" value=\"1\" \/><div class=\"gwolle_gb_586fbecf9f0fd29256d96d966b52643c\">\n\t\t\t\t<div class=\"label\"><label for=\"gwolle_gb_586fbecf9f0fd29256d96d966b52643c-1\" class=\"text-info\">Name <span class=\"required\">*<\/span><\/label><\/div>\n\t\t\t\t<div class=\"input\"><input class=\"wp-exclude-emoji gwolle_gb_586fbecf9f0fd29256d96d966b52643c\" value=\"\" type=\"text\" id=\"gwolle_gb_586fbecf9f0fd29256d96d966b52643c-1\" name=\"gwolle_gb_586fbecf9f0fd29256d96d966b52643c\" required \/><\/div>\n\t\t\t\t<div class=\"clearBoth\">&nbsp;<\/div>\n\t\t\t<\/div><div class=\"gwolle_gb_77b9a8c0c8c4f0baf6076a303ebe3504\">\n\t\t\t\t\t<div class=\"label\"><label for=\"gwolle_gb_77b9a8c0c8c4f0baf6076a303ebe3504-1\" class=\"text-info\">Stadt<\/label><\/div>\n\t\t\t\t\t<div class=\"input\"><input class=\"wp-exclude-emoji gwolle_gb_77b9a8c0c8c4f0baf6076a303ebe3504\" value=\"\" type=\"text\" id=\"gwolle_gb_77b9a8c0c8c4f0baf6076a303ebe3504-1\" name=\"gwolle_gb_77b9a8c0c8c4f0baf6076a303ebe3504\" \/><\/div>\n\t\t\t\t\t<div class=\"clearBoth\">&nbsp;<\/div>\n\t\t\t\t<\/div><div class=\"gwolle_gb_a34eec076e4737f514ac77cf0491b99a\">\n\t\t\t\t<div class=\"label\"><label for=\"gwolle_gb_a34eec076e4737f514ac77cf0491b99a-1\" class=\"text-info\">E-Mail <span class=\"required\">*<\/span><\/label><\/div>\n\t\t\t\t<div class=\"input\"><input class=\"gwolle_gb_a34eec076e4737f514ac77cf0491b99a\" value=\"\" type=\"email\" id=\"gwolle_gb_a34eec076e4737f514ac77cf0491b99a-1\" name=\"gwolle_gb_a34eec076e4737f514ac77cf0491b99a\" required \/><\/div>\n\t\t\t\t<div class=\"clearBoth\">&nbsp;<\/div>\n\t\t\t<\/div><div class=\"gwolle_gb_5e73055a272d4caa5d7710a2f8d909c3\">\n\t\t\t\t<div class=\"label\"><label for=\"gwolle_gb_5e73055a272d4caa5d7710a2f8d909c3-1\" class=\"text-info\">Website<\/label><\/div>\n\t\t\t\t<div class=\"input\"><input class=\"gwolle_gb_5e73055a272d4caa5d7710a2f8d909c3\" value=\"\" type=\"url\" id=\"gwolle_gb_5e73055a272d4caa5d7710a2f8d909c3-1\" name=\"gwolle_gb_5e73055a272d4caa5d7710a2f8d909c3\" \/><\/div>\n\t\t\t\t<div class=\"clearBoth\">&nbsp;<\/div>\n\t\t\t<\/div>\n\t\t\t<div class=\"gwolle_gb_a07c847d44cdbdf555779bcf11adaafe\" style=\"display:none;overflow:hidden;\" hidden=\"true\" aria-hidden=\"true\">\n\t\t\t\t<div class=\"label\">\n\t\t\t\t\t<label for=\"gwolle_gb_a07c847d44cdbdf555779bcf11adaafe-1\" class=\"text-primary\">Hier nichts eingeben<\/label>\n\t\t\t\t\t<label for=\"gwolle_gb_70e9919f9d1bf5bbe7e23d6e2480c725-1\" class=\"text-primary\">Hier nichts eingeben<\/label>\n\t\t\t\t<\/div>\n\t\t\t\t<div class=\"input\">\n\t\t\t\t\t<input value=\"25\" type=\"text\" id=\"gwolle_gb_a07c847d44cdbdf555779bcf11adaafe-1\" name=\"gwolle_gb_a07c847d44cdbdf555779bcf11adaafe\" class=\"gwolle_gb_a07c847d44cdbdf555779bcf11adaafe\" style=\"transform: translateY(10000px);\" \/>\n\t\t\t\t\t<input value=\"\" type=\"text\" name=\"gwolle_gb_70e9919f9d1bf5bbe7e23d6e2480c725\" id=\"gwolle_gb_70e9919f9d1bf5bbe7e23d6e2480c725-1\" class=\"gwolle_gb_70e9919f9d1bf5bbe7e23d6e2480c725\" style=\"transform: translateY(10000px);\" \/>\n\t\t\t\t<\/div>\n\t\t\t\t<div class=\"clearBoth\"><\/div>\n\t\t\t<\/div>\n\t\t\t<div class=\"gwolle_gb_fb2d88e1d220ea07d6fb4178d5e3b1eb\" style=\"display:none;overflow:hidden;\" hidden=\"true\" aria-hidden=\"true\">\n\t\t\t\t<div class=\"label\">\n\t\t\t\t\t<label for=\"gwolle_gb_fb2d88e1d220ea07d6fb4178d5e3b1eb-1\" class=\"text-primary\">Hier nichts eingeben<\/label>\n\t\t\t\t\t<label for=\"gwolle_gb_a1e59b84aa9bd50e0b7b9d77c28ac652-1\" class=\"text-primary\">Hier nichts eingeben<\/label>\n\t\t\t\t<\/div>\n\t\t\t\t<div class=\"input\">\n\t\t\t\t\t<input value=\"40479\" type=\"text\" id=\"gwolle_gb_fb2d88e1d220ea07d6fb4178d5e3b1eb-1\" name=\"gwolle_gb_fb2d88e1d220ea07d6fb4178d5e3b1eb\" class=\"gwolle_gb_fb2d88e1d220ea07d6fb4178d5e3b1eb\" style=\"transform: translateY(10000px);\" \/>\n\t\t\t\t\t<input value=\"40479\" type=\"text\"id=\"gwolle_gb_a1e59b84aa9bd50e0b7b9d77c28ac652-1\" name=\"gwolle_gb_a1e59b84aa9bd50e0b7b9d77c28ac652\" class=\"gwolle_gb_a1e59b84aa9bd50e0b7b9d77c28ac652\" style=\"transform: translateY(10000px);\" \/>\n\t\t\t\t<\/div>\n\t\t\t\t<div class=\"clearBoth\"><\/div>\n\t\t\t<\/div><div class=\"gwolle_gb_content\">\n\t\t\t\t<div class=\"label\"><label for=\"gwolle_gb_content-1\" class=\"text-info\">G\u00e4stebucheintrag <span class=\"required\">*<\/span><\/label><\/div>\n\t\t\t\t<div class=\"input\"><textarea id=\"gwolle_gb_content-1\" name=\"gwolle_gb_content\" class=\"gwolle_gb_content wp-exclude-emoji\" required ><\/textarea><\/div>\n\t\t\t\t\t<div class=\"clearBoth\">&nbsp;<\/div>\n\t\t\t\t<\/div><input type=\"hidden\" class=\"gwolle_gb_5ea3ae61b4b5f0f79aa51029acf16049\" id=\"gwolle_gb_5ea3ae61b4b5f0f79aa51029acf16049-1\" name=\"gwolle_gb_5ea3ae61b4b5f0f79aa51029acf16049\" value=\"2158963508\" \/>\n\t\t\t<div class=\"gwolle-gb-messages-bottom-container\"><\/div>\n\n\t\t\t<noscript><div class=\"no-js\">Warnung: Dieses Formular kann nur verwendet werden, wenn in deinem Browser JavaScript aktiviert ist.<\/div><\/noscript>\n\n\t\t\t<div class=\"gwolle_gb_submit gwolle-gb-submit\">\n\t\t\t\t<div class=\"label gwolle-gb-invisible text-muted\">&nbsp;<\/div>\n\t\t\t\t<div class=\"input\">\n\t\t\t\t\t<input type=\"submit\" name=\"gwolle_gb_submit\" class=\"gwolle_gb_submit button btn btn-primary \" value=\"Absenden\" \/>\n\t\t\t\t\t<span class=\"gwolle_gb_submit_ajax_icon gwolle-gb-submit-ajax-icon\"><\/span>\n\t\t\t\n\t\t\t\t<\/div>\n\t\t\t\t<div class=\"clearBoth\">&nbsp;<\/div>\n\t\t\t<\/div>\n\n\t\t\t<div class=\"gwolle_gb_notice gwolle-gb-notice\">\n\t\t\t\tMit * gekennzeichnete Felder sind erforderlich.<br \/>\r\nDeine E-Mail-Adresse wird nicht ver\u00f6ffentlicht.<br \/>\r\nEs ist m\u00f6glich, dass dein Eintrag im G\u00e4stebuch erst sichtbar ist, nachdem wir ihn \u00fcberpr\u00fcft haben.<br \/>\r\nWir behalten uns vor, Eintr\u00e4ge zu bearbeiten, zu l\u00f6schen oder nicht zu ver\u00f6ffentlichen.\n\t\t\t<\/div><\/form><div class=\"gwolle-gb-read gwolle-gb-ajax gwolle-gb-entries-list\" data-book_id=\"1\" data-page_id=\"1\">\n\t\t<div id=\"gwolle-gb-total\" class=\"gwolle-gb-total\">7 Eintr\u00e4ge<\/div><!-- Gwolle-GB Entry: Default Template Loaded -->\n\t\t\t\t<div class=\"gb-entry gb-entry_18 gb-entry-count_1 gwolle-gb-uneven gwolle-gb-first\" id=\"gb-entry_18\" data-entry_id=\"18\">\n\t\t\t\t<article>\n\t\t\t\t\t<div class=\"gb-author-info\">\n\t\t\t\t\t\t<span class=\"gb-author-avatar\"><img referrerpolicy=\"no-referrer\" alt='rita' src='https:\/\/secure.gravatar.com\/avatar\/ab4351f7bc621cc9e9d1ef78e74961796ff573a303f52c257ab14df822220e76?s=32&#038;d=mm&#038;r=g' srcset='https:\/\/secure.gravatar.com\/avatar\/ab4351f7bc621cc9e9d1ef78e74961796ff573a303f52c257ab14df822220e76?s=64&#038;d=mm&#038;r=g 2x' class='avatar avatar-32 photo' height='32' width='32' \/><\/span>\n\t\t\t\t\t\t<span class=\"gb-author-name\">rita\n\t\t\t\t\t\t<\/span>\n\t\t\t\t\t\t<span class=\"gb-datetime\">\n\t\t\t\t\t\t\t<span class=\"gb-date\"><span class=\"gb-date-wrote-text\"> schrieb am<\/span><span class=\"gb-date-text\"> 1. Juli 2024<\/span>\n\t\t\t\t\t\t\t<\/span><span class=\"gb-time\">\n\t\t\t\t\t\t\t\t\t<span class=\"gb-time-at-text\"> um<\/span>\n\t\t\t\t\t\t\t\t\t<span class=\"gb-time-text\"> 20:57<\/span>\n\t\t\t\t\t\t\t\t<\/span>\n\t\t\t\t\t\t<\/span> \n\t\t\t\t\t<\/div>\n\t\t\t\t\t<div class=\"gb-entry-content\">Dear Irina,\nI recently adopted a kitten Clemens from you, and I wanted to share my wonderful experience. Clemens is incredibly well socialised and quickly bonded with my existing cat. I appreciate the opportunity to visit the kittens where I was given plenty of time to play and interact with them, which made my choice much easier. I truly appreciated the regular updates and pictures you provided between selecting Clemens and bringing him directly to my home and answering any of my questions. I highly recommend you to anyone looking to adopt a Ragdoll cat!\n\t\t\t\t\t<\/div>\n\t\t\t\t<\/article>\n\t\t\t<\/div>\n\t\t\t<div class=\"gb-entry gb-entry_17 gb-entry-count_2 gwolle-gb-even\" id=\"gb-entry_17\" data-entry_id=\"17\">\n\t\t\t\t<article>\n\t\t\t\t\t<div class=\"gb-author-info\">\n\t\t\t\t\t\t<span class=\"gb-author-avatar\"><img referrerpolicy=\"no-referrer\" alt='Anja' src='https:\/\/secure.gravatar.com\/avatar\/b16e75776e566b3ace9c986d204d2ffee3c454a219fc3e981069a4d22bf6a44c?s=32&#038;d=mm&#038;r=g' srcset='https:\/\/secure.gravatar.com\/avatar\/b16e75776e566b3ace9c986d204d2ffee3c454a219fc3e981069a4d22bf6a44c?s=64&#038;d=mm&#038;r=g 2x' class='avatar avatar-32 photo' height='32' width='32' \/><\/span>\n\t\t\t\t\t\t<span class=\"gb-author-name\">Anja\n\t\t\t\t\t\t<\/span>\n\t\t\t\t\t\t<span class=\"gb-author-origin\">\n\t\t\t\t\t\t\t<span class=\"gb-author-origin-from-text\"> aus<\/span>\n\t\t\t\t\t\t\t<span class=\"gb-author-origin-text\"> Berlin<\/span>\n\t\t\t\t\t\t<\/span>\n\t\t\t\t\t\t<span class=\"gb-datetime\">\n\t\t\t\t\t\t\t<span class=\"gb-date\"><span class=\"gb-date-wrote-text\"> schrieb am<\/span><span class=\"gb-date-text\"> 13. Juni 2024<\/span>\n\t\t\t\t\t\t\t<\/span><span class=\"gb-time\">\n\t\t\t\t\t\t\t\t\t<span class=\"gb-time-at-text\"> um<\/span>\n\t\t\t\t\t\t\t\t\t<span class=\"gb-time-text\"> 19:10<\/span>\n\t\t\t\t\t\t\t\t<\/span>\n\t\t\t\t\t\t<\/span> \n\t\t\t\t\t<\/div>\n\t\t\t\t\t<div class=\"gb-entry-content\">Liebe Irina,\nwir alle (mein Sohn, mein Mann, ich und vor allem Kater Findus) sind so dankbar f\u00fcr unseren kleinen Herzensbrecher. Cupido hat sich rasant eingelebt (auch durch deine \u00dcbergabe), er ist gesund und munter und sehr sozialisiert (auch durch deine &#034;sp\u00e4te&#034; Abgabe). Es gibt \u00fcberhaupt keine Probleme. Ich kann deine Kitten nur empfehlen! Cupido hat alles: er ist neugierig, verspielt, verschmust, hat das weichste Fell der Welt, er geh\u00f6rt voll und ganz zu unserer Familie. Hab ganz herzlichen Dank, dass er zu uns kommen durfte.\nLiebe Gr\u00fc\u00dfe aus Berlin\n\t\t\t\t\t<\/div>\n\t\t\t\t<\/article>\n\t\t\t<\/div>\n\t\t\t<div class=\"gb-entry gb-entry_6 gb-entry-count_3 gwolle-gb-uneven\" id=\"gb-entry_6\" data-entry_id=\"6\">\n\t\t\t\t<article>\n\t\t\t\t\t<div class=\"gb-author-info\">\n\t\t\t\t\t\t<span class=\"gb-author-avatar\"><img referrerpolicy=\"no-referrer\" alt='Micha' src='https:\/\/secure.gravatar.com\/avatar\/3c94c8ba42c644a6673a364117d7bf39599a5e48dfe53f8c336d1e7a72f10937?s=32&#038;d=mm&#038;r=g' srcset='https:\/\/secure.gravatar.com\/avatar\/3c94c8ba42c644a6673a364117d7bf39599a5e48dfe53f8c336d1e7a72f10937?s=64&#038;d=mm&#038;r=g 2x' class='avatar avatar-32 photo' height='32' width='32' \/><\/span>\n\t\t\t\t\t\t<span class=\"gb-author-name\">Micha\n\t\t\t\t\t\t<\/span>\n\t\t\t\t\t\t<span class=\"gb-author-origin\">\n\t\t\t\t\t\t\t<span class=\"gb-author-origin-from-text\"> aus<\/span>\n\t\t\t\t\t\t\t<span class=\"gb-author-origin-text\"> Karst\u00e4dt<\/span>\n\t\t\t\t\t\t<\/span>\n\t\t\t\t\t\t<span class=\"gb-datetime\">\n\t\t\t\t\t\t\t<span class=\"gb-date\"><span class=\"gb-date-wrote-text\"> schrieb am<\/span><span class=\"gb-date-text\"> 11. M\u00e4rz 2024<\/span>\n\t\t\t\t\t\t\t<\/span><span class=\"gb-time\">\n\t\t\t\t\t\t\t\t\t<span class=\"gb-time-at-text\"> um<\/span>\n\t\t\t\t\t\t\t\t\t<span class=\"gb-time-text\"> 16:13<\/span>\n\t\t\t\t\t\t\t\t<\/span>\n\t\t\t\t\t\t<\/span> \n\t\t\t\t\t<\/div>\n\t\t\t\t\t<div class=\"gb-entry-content\">Hallo Irina,\r\nIch danke dir ganz herzlich, dass du Bailey, Benjy und mich zusammengebracht hast.\r\nDie zwei sind einfach zu s\u00fc\u00df. \r\n\r\nUnd auch Danke f\u00fcr deine tolle Arbeit als Z\u00fcchterin und die super Beratung und Hilfe von dir.\r\n\r\nLiebe Gr\u00fc\u00dfe, Michael.\n\t\t\t\t\t<\/div>\n\t\t\t\t<\/article>\n\t\t\t<\/div>\n\t\t\t<div class=\"gb-entry gb-entry_4 gb-entry-count_4 gwolle-gb-even\" id=\"gb-entry_4\" data-entry_id=\"4\">\n\t\t\t\t<article>\n\t\t\t\t\t<div class=\"gb-author-info\">\n\t\t\t\t\t\t<span class=\"gb-author-avatar\"><img referrerpolicy=\"no-referrer\" alt='Martina Poweleit' src='https:\/\/secure.gravatar.com\/avatar\/a242e5210d78fdab95bf5fa344a54562cbdfa8f6567fd444e8ef80ed804dacba?s=32&#038;d=mm&#038;r=g' srcset='https:\/\/secure.gravatar.com\/avatar\/a242e5210d78fdab95bf5fa344a54562cbdfa8f6567fd444e8ef80ed804dacba?s=64&#038;d=mm&#038;r=g 2x' class='avatar avatar-32 photo' height='32' width='32' \/><\/span>\n\t\t\t\t\t\t<span class=\"gb-author-name\">Martina Poweleit\n\t\t\t\t\t\t<\/span>\n\t\t\t\t\t\t<span class=\"gb-author-origin\">\n\t\t\t\t\t\t\t<span class=\"gb-author-origin-from-text\"> aus<\/span>\n\t\t\t\t\t\t\t<span class=\"gb-author-origin-text\"> Berlin<\/span>\n\t\t\t\t\t\t<\/span>\n\t\t\t\t\t\t<span class=\"gb-datetime\">\n\t\t\t\t\t\t\t<span class=\"gb-date\"><span class=\"gb-date-wrote-text\"> schrieb am<\/span><span class=\"gb-date-text\"> 4. M\u00e4rz 2024<\/span>\n\t\t\t\t\t\t\t<\/span><span class=\"gb-time\">\n\t\t\t\t\t\t\t\t\t<span class=\"gb-time-at-text\"> um<\/span>\n\t\t\t\t\t\t\t\t\t<span class=\"gb-time-text\"> 12:37<\/span>\n\t\t\t\t\t\t\t\t<\/span>\n\t\t\t\t\t\t<\/span> \n\t\t\t\t\t<\/div>\n\t\t\t\t\t<div class=\"gb-entry-content\">Liebe Irina, danke f\u00fcr meinen tollen Kater \ud83d\udc08\u200d\u2b1b. \r\nEr macht uns sehr viel Freude. Du hast uns die ganze Zeit liebevoll und sehr kompetent begleitet. W\u00fcrde mich gl\u00fccklich sch\u00e4tzen, wenn alle Z\u00fcchter so w\u00e4ren wie du. Nochmals vielen lieben Dank. Liebe Gr\u00fc\u00dfe von uns Berlinern. Martina\n\t\t\t\t\t<\/div>\n\t\t\t\t<\/article>\n\t\t\t<\/div>\n\t\t\t<div class=\"gb-entry gb-entry_3 gb-entry-count_5 gwolle-gb-uneven\" id=\"gb-entry_3\" data-entry_id=\"3\">\n\t\t\t\t<article>\n\t\t\t\t\t<div class=\"gb-author-info\">\n\t\t\t\t\t\t<span class=\"gb-author-avatar\"><img referrerpolicy=\"no-referrer\" alt='Anne Heerlein' src='https:\/\/secure.gravatar.com\/avatar\/816ca42b9d6152b594e0859830d87d6f9516699a54d862a2789986ab78121a1a?s=32&#038;d=mm&#038;r=g' srcset='https:\/\/secure.gravatar.com\/avatar\/816ca42b9d6152b594e0859830d87d6f9516699a54d862a2789986ab78121a1a?s=64&#038;d=mm&#038;r=g 2x' class='avatar avatar-32 photo' height='32' width='32' \/><\/span>\n\t\t\t\t\t\t<span class=\"gb-author-name\">Anne Heerlein\n\t\t\t\t\t\t<\/span>\n\t\t\t\t\t\t<span class=\"gb-author-origin\">\n\t\t\t\t\t\t\t<span class=\"gb-author-origin-from-text\"> aus<\/span>\n\t\t\t\t\t\t\t<span class=\"gb-author-origin-text\"> Berlin<\/span>\n\t\t\t\t\t\t<\/span>\n\t\t\t\t\t\t<span class=\"gb-datetime\">\n\t\t\t\t\t\t\t<span class=\"gb-date\"><span class=\"gb-date-wrote-text\"> schrieb am<\/span><span class=\"gb-date-text\"> 12. Oktober 2023<\/span>\n\t\t\t\t\t\t\t<\/span><span class=\"gb-time\">\n\t\t\t\t\t\t\t\t\t<span class=\"gb-time-at-text\"> um<\/span>\n\t\t\t\t\t\t\t\t\t<span class=\"gb-time-text\"> 15:16<\/span>\n\t\t\t\t\t\t\t\t<\/span>\n\t\t\t\t\t\t<\/span> \n\t\t\t\t\t<\/div>\n\t\t\t\t\t<div class=\"gb-entry-content\">Liebe Irina, \nAron Li ist mit knapp zwei Wochen noch ganz frisch in unserer Katzengruppe, hat sich aber schon wunderbar eingelebt - trotz des &#034;fortgeschrittenen Alters&#034; von einem Jahr. Dank seiner tollen Sozialisierung hat er in der Gruppe super schnell Anschluss gefunden, zeigt sich lebendig, interessiert und spielfreudig, aber dabei immer ausgeglichen. Mich als seinen neuen Menschen hat er wahnsinnig schnell akzeptiert und weicht mir gar nicht mehr von der Seite - wenn er nicht gerade von einer anderen Fellnase abgelenkt wird. Er ist sehr herzlich, redselig und - f\u00fcr jeden Halter ein Segen - unglaublich kooperativ in allen Belangen wie K\u00e4mmen oder Medikamentengabe (die er zwar noch nicht braucht, aber ich \u00fcbe so etwas gern vorab mit Placebos, damit es im Ernstfall klappt. Und mit Aron Li lief es von Anfang an wunderbar.)\n\nGanz lieben Dank f\u00fcr diesen tollen Seelenkater.\n\t\t\t\t\t<\/div>\n\t\t\t\t<\/article>\n\t\t\t<\/div>\n\t\t\t<div class=\"gb-entry gb-entry_2 gb-entry-count_6 gwolle-gb-even\" id=\"gb-entry_2\" data-entry_id=\"2\">\n\t\t\t\t<article>\n\t\t\t\t\t<div class=\"gb-author-info\">\n\t\t\t\t\t\t<span class=\"gb-author-avatar\"><img referrerpolicy=\"no-referrer\" alt='Carola Gottesmann' src='https:\/\/secure.gravatar.com\/avatar\/ab4b134a194d0162b29e769afb90df4f76a2507f2d959b4ee48a4118a4b709a2?s=32&#038;d=mm&#038;r=g' srcset='https:\/\/secure.gravatar.com\/avatar\/ab4b134a194d0162b29e769afb90df4f76a2507f2d959b4ee48a4118a4b709a2?s=64&#038;d=mm&#038;r=g 2x' class='avatar avatar-32 photo' height='32' width='32' \/><\/span>\n\t\t\t\t\t\t<span class=\"gb-author-name\"><a href=\"http:\/\/ragdolls-dosene.de\" target=\"_blank\" rel=\"nofollow noopener noreferrer\"\n\t\t\t\t\t\t\ttitle=\"Besuche die Website von Carola Gottesmann: http:\/\/ragdolls-dosene.de\">Carola Gottesmann<\/a>\n\t\t\t\t\t\t<\/span>\n\t\t\t\t\t\t<span class=\"gb-author-origin\">\n\t\t\t\t\t\t\t<span class=\"gb-author-origin-from-text\"> aus<\/span>\n\t\t\t\t\t\t\t<span class=\"gb-author-origin-text\"> Leipzig<\/span>\n\t\t\t\t\t\t<\/span>\n\t\t\t\t\t\t<span class=\"gb-datetime\">\n\t\t\t\t\t\t\t<span class=\"gb-date\"><span class=\"gb-date-wrote-text\"> schrieb am<\/span><span class=\"gb-date-text\"> 18. Februar 2023<\/span>\n\t\t\t\t\t\t\t<\/span><span class=\"gb-time\">\n\t\t\t\t\t\t\t\t\t<span class=\"gb-time-at-text\"> um<\/span>\n\t\t\t\t\t\t\t\t\t<span class=\"gb-time-text\"> 11:22<\/span>\n\t\t\t\t\t\t\t\t<\/span>\n\t\t\t\t\t\t<\/span> \n\t\t\t\t\t<\/div>\n\t\t\t\t\t<div class=\"gb-entry-content\">Liebe Irina, wir freuen uns sehr, dass Du uns Akihiko anvertraut hast. Akihiko ist sehr gut in unserer Katzengruppe angekommen, was sicherlich in der sehr guten Sozialisierung begr\u00fcndet liegt, die er bei Dir erfahren durfte. Akihiko ist ein lieber kleiner Junge, der in sich selber ruht, sehr verschmust, ein guter Futterverwerter, neugierig, aufgeschlossen und verspielt ist. Wir hoffen nun das er sich weiter so gut entwickelt und unser kleines Fellmonster sp\u00e4ter f\u00fcr tollen Nachwuchs sorgt und sein tolles Wesen an seine Nachkommen weitergibt. Ein gro\u00dfes Dankesch\u00f6n f\u00fcr Deine z\u00fcchterische Vorarbeit, Dein Vertrauen und nat\u00fcrlich f\u00fcr Akihiko. LG aus Leipzig\n\t\t\t\t\t<\/div>\n\t\t\t\t<\/article>\n\t\t\t<\/div>\n\t\t\t<div class=\"gb-entry gb-entry_1 gb-entry-count_7 gwolle-gb-uneven\" id=\"gb-entry_1\" data-entry_id=\"1\">\n\t\t\t\t<article>\n\t\t\t\t\t<div class=\"gb-author-info\">\n\t\t\t\t\t\t<span class=\"gb-author-avatar\"><img referrerpolicy=\"no-referrer\" alt='Claudia Marwinski' src='https:\/\/secure.gravatar.com\/avatar\/986f9e1aba0b82b8fcf6efb57015e3bbe8abd95024b98d5669a86a7cf3d03380?s=32&#038;d=mm&#038;r=g' srcset='https:\/\/secure.gravatar.com\/avatar\/986f9e1aba0b82b8fcf6efb57015e3bbe8abd95024b98d5669a86a7cf3d03380?s=64&#038;d=mm&#038;r=g 2x' class='avatar avatar-32 photo' height='32' width='32' \/><\/span>\n\t\t\t\t\t\t<span class=\"gb-author-name\">Claudia Marwinski\n\t\t\t\t\t\t<\/span>\n\t\t\t\t\t\t<span class=\"gb-author-origin\">\n\t\t\t\t\t\t\t<span class=\"gb-author-origin-from-text\"> aus<\/span>\n\t\t\t\t\t\t\t<span class=\"gb-author-origin-text\"> Britz<\/span>\n\t\t\t\t\t\t<\/span>\n\t\t\t\t\t\t<span class=\"gb-datetime\">\n\t\t\t\t\t\t\t<span class=\"gb-date\"><span class=\"gb-date-wrote-text\"> schrieb am<\/span><span class=\"gb-date-text\"> 20. November 2022<\/span>\n\t\t\t\t\t\t\t<\/span><span class=\"gb-time\">\n\t\t\t\t\t\t\t\t\t<span class=\"gb-time-at-text\"> um<\/span>\n\t\t\t\t\t\t\t\t\t<span class=\"gb-time-text\"> 19:53<\/span>\n\t\t\t\t\t\t\t\t<\/span>\n\t\t\t\t\t\t<\/span> \n\t\t\t\t\t<\/div>\n\t\t\t\t\t<div class=\"gb-entry-content\">Liebe Irina, wir sind so unendlich dankbar dich und deine Katzen kennen gelernt zu haben. Du hast so tolle Katzen und wir sind sehr froh 2 von deinen s\u00fc\u00dfen M\u00e4usen bei uns ein sch\u00f6nes Zuhause geben zu k\u00f6nnen. Wir sind hin und weg. Sie sind einfach wundervoll.\r\nWir danken Dir von Herzen\u2764\ufe0f\n\t\t\t\t\t<\/div>\n\t\t\t\t<\/article>\n\t\t\t<\/div>\n\t\t\t<\/div><\/div>\n","protected":false},"excerpt":{"rendered":"<p>Werte Besucher meiner Homepage. Ich w\u00fcrde mich sehr \u00fcber einen kurzen Eintrag von den neuen Familien der ehemaligen Kitten in das\u00a0 G\u00e4stebuch freuen. Ragdoll Cattery v. Traumauge<\/p>\n","protected":false},"author":1,"featured_media":0,"parent":0,"menu_order":0,"comment_status":"closed","ping_status":"closed","template":"","meta":{"footnotes":""},"class_list":["post-299","page","type-page","status-publish","hentry"],"_links":{"self":[{"href":"https:\/\/ragdolls-traumauge.de\/index.php?rest_route=\/wp\/v2\/pages\/299","targetHints":{"allow":["GET"]}}],"collection":[{"href":"https:\/\/ragdolls-traumauge.de\/index.php?rest_route=\/wp\/v2\/pages"}],"about":[{"href":"https:\/\/ragdolls-traumauge.de\/index.php?rest_route=\/wp\/v2\/types\/page"}],"author":[{"embeddable":true,"href":"https:\/\/ragdolls-traumauge.de\/index.php?rest_route=\/wp\/v2\/users\/1"}],"replies":[{"embeddable":true,"href":"https:\/\/ragdolls-traumauge.de\/index.php?rest_route=%2Fwp%2Fv2%2Fcomments&post=299"}],"version-history":[{"count":5,"href":"https:\/\/ragdolls-traumauge.de\/index.php?rest_route=\/wp\/v2\/pages\/299\/revisions"}],"predecessor-version":[{"id":1074,"href":"https:\/\/ragdolls-traumauge.de\/index.php?rest_route=\/wp\/v2\/pages\/299\/revisions\/1074"}],"wp:attachment":[{"href":"https:\/\/ragdolls-traumauge.de\/index.php?rest_route=%2Fwp%2Fv2%2Fmedia&parent=299"}],"curies":[{"name":"wp","href":"https:\/\/api.w.org\/{rel}","templated":true}]}}