{"id":1136,"date":"2025-12-12T23:21:44","date_gmt":"2025-12-12T22:21:44","guid":{"rendered":"https:\/\/ragdolls-traumauge.de\/?page_id=1136"},"modified":"2026-04-18T00:02:24","modified_gmt":"2026-04-17T22:02:24","slug":"d-wurf","status":"publish","type":"page","link":"https:\/\/ragdolls-traumauge.de\/?page_id=1136","title":{"rendered":"D &#8211; Wurf (aktuell)"},"content":{"rendered":"\n<div class=\"wp-block-cover\"><img loading=\"lazy\" decoding=\"async\" width=\"768\" height=\"1024\" class=\"wp-block-cover__image-background wp-image-1133\" alt=\"\" src=\"https:\/\/ragdolls-traumauge.de\/wp-content\/uploads\/2025\/12\/IMG_3450-768x1024.jpeg\" data-object-fit=\"cover\" srcset=\"https:\/\/ragdolls-traumauge.de\/wp-content\/uploads\/2025\/12\/IMG_3450-768x1024.jpeg 768w, https:\/\/ragdolls-traumauge.de\/wp-content\/uploads\/2025\/12\/IMG_3450-225x300.jpeg 225w, https:\/\/ragdolls-traumauge.de\/wp-content\/uploads\/2025\/12\/IMG_3450-scaled.jpeg 1920w\" sizes=\"auto, (max-width: 768px) 100vw, 768px\" \/><span aria-hidden=\"true\" class=\"wp-block-cover__background has-background-dim\"><\/span><div class=\"wp-block-cover__inner-container is-layout-flow wp-block-cover-is-layout-flow\">\n<p class=\"has-text-align-center has-large-font-size\"><\/p>\n<\/div><\/div>\n\n\n\n<p>Dayo Puma Dino v. Traumauge, m\u00e4nnlich, Seal Mitted. Er ist neugierig, sitzt, spielt oder schl\u00e4ft inzwischen gerne auch auf meinem Scho\u00df. Nun futtert der kleine Sonnenschein selbstst\u00e4ndig. <br>Da er ein Einzelprinz ist, l\u00e4uft er inzwischen mit den gro\u00dfen Katzen umher und fordert sie auf, mit ihm herumzutollen. Er ist somit Bestandteil der Gruppe und wird von allen erzogen. Der kleine Schnurrer ist wahrlich ein Sonnenschein und Herzensbrecher. Er wurde bereits f\u00fcr eine Familie nun reserviert und wird nun auf Wunsch bereits jetzt Puma gerufen. Er wartet nun noch auf seinen reservierten Halbbruder, bis auch er auszugsbereit ist.<\/p>\n\n\n\n<figure class=\"wp-block-image size-large\"><a href=\"https:\/\/ragdolls-traumauge.de\/wp-content\/uploads\/2025\/12\/IMG_3449-scaled.jpeg\"><img loading=\"lazy\" decoding=\"async\" width=\"768\" height=\"1024\" src=\"https:\/\/ragdolls-traumauge.de\/wp-content\/uploads\/2025\/12\/IMG_3449-768x1024.jpeg\" alt=\"\" class=\"wp-image-1137\" srcset=\"https:\/\/ragdolls-traumauge.de\/wp-content\/uploads\/2025\/12\/IMG_3449-768x1024.jpeg 768w, https:\/\/ragdolls-traumauge.de\/wp-content\/uploads\/2025\/12\/IMG_3449-225x300.jpeg 225w, https:\/\/ragdolls-traumauge.de\/wp-content\/uploads\/2025\/12\/IMG_3449-scaled.jpeg 1920w\" sizes=\"auto, (max-width: 768px) 100vw, 768px\" \/><\/a><\/figure>\n\n\n\n<figure class=\"wp-block-image size-large\"><a href=\"https:\/\/ragdolls-traumauge.de\/wp-content\/uploads\/2025\/12\/IMG_3419-scaled.jpeg\"><img loading=\"lazy\" decoding=\"async\" width=\"768\" height=\"1024\" src=\"https:\/\/ragdolls-traumauge.de\/wp-content\/uploads\/2025\/12\/IMG_3419-768x1024.jpeg\" alt=\"\" class=\"wp-image-1139\" srcset=\"https:\/\/ragdolls-traumauge.de\/wp-content\/uploads\/2025\/12\/IMG_3419-768x1024.jpeg 768w, https:\/\/ragdolls-traumauge.de\/wp-content\/uploads\/2025\/12\/IMG_3419-225x300.jpeg 225w, https:\/\/ragdolls-traumauge.de\/wp-content\/uploads\/2025\/12\/IMG_3419-scaled.jpeg 1920w\" sizes=\"auto, (max-width: 768px) 100vw, 768px\" \/><\/a><\/figure>\n\n\n\n<figure class=\"wp-block-image size-large\"><a href=\"https:\/\/ragdolls-traumauge.de\/wp-content\/uploads\/2026\/02\/IMG_4582-scaled.jpeg\"><img loading=\"lazy\" decoding=\"async\" width=\"698\" height=\"1024\" src=\"https:\/\/ragdolls-traumauge.de\/wp-content\/uploads\/2026\/02\/IMG_4582-698x1024.jpeg\" alt=\"\" class=\"wp-image-1493\" srcset=\"https:\/\/ragdolls-traumauge.de\/wp-content\/uploads\/2026\/02\/IMG_4582-698x1024.jpeg 698w, https:\/\/ragdolls-traumauge.de\/wp-content\/uploads\/2026\/02\/IMG_4582-205x300.jpeg 205w, https:\/\/ragdolls-traumauge.de\/wp-content\/uploads\/2026\/02\/IMG_4582-768x1126.jpeg 768w, https:\/\/ragdolls-traumauge.de\/wp-content\/uploads\/2026\/02\/IMG_4582-1047x1536.jpeg 1047w, https:\/\/ragdolls-traumauge.de\/wp-content\/uploads\/2026\/02\/IMG_4582-1396x2048.jpeg 1396w, https:\/\/ragdolls-traumauge.de\/wp-content\/uploads\/2026\/02\/IMG_4582-scaled.jpeg 1746w\" sizes=\"auto, (max-width: 698px) 100vw, 698px\" \/><\/a><\/figure>\n\n\n\n<figure class=\"wp-block-gallery has-nested-images columns-default is-cropped wp-block-gallery-1 is-layout-flex wp-block-gallery-is-layout-flex\">\n<figure class=\"wp-block-image size-large\"><a href=\"https:\/\/ragdolls-traumauge.de\/wp-content\/uploads\/2025\/12\/IMG_3724-scaled.jpeg\"><img loading=\"lazy\" decoding=\"async\" width=\"798\" height=\"1024\" data-id=\"1245\" src=\"https:\/\/ragdolls-traumauge.de\/wp-content\/uploads\/2025\/12\/IMG_3724-798x1024.jpeg\" alt=\"\" class=\"wp-image-1245\" srcset=\"https:\/\/ragdolls-traumauge.de\/wp-content\/uploads\/2025\/12\/IMG_3724-798x1024.jpeg 798w, https:\/\/ragdolls-traumauge.de\/wp-content\/uploads\/2025\/12\/IMG_3724-234x300.jpeg 234w, https:\/\/ragdolls-traumauge.de\/wp-content\/uploads\/2025\/12\/IMG_3724-768x986.jpeg 768w, https:\/\/ragdolls-traumauge.de\/wp-content\/uploads\/2025\/12\/IMG_3724-1196x1536.jpeg 1196w, https:\/\/ragdolls-traumauge.de\/wp-content\/uploads\/2025\/12\/IMG_3724-1595x2048.jpeg 1595w, https:\/\/ragdolls-traumauge.de\/wp-content\/uploads\/2025\/12\/IMG_3724-scaled.jpeg 1994w\" sizes=\"auto, (max-width: 798px) 100vw, 798px\" \/><\/a><\/figure>\n\n\n\n<figure class=\"wp-block-image size-large\"><a href=\"https:\/\/ragdolls-traumauge.de\/wp-content\/uploads\/2025\/12\/IMG_3733-scaled.jpeg\"><img loading=\"lazy\" decoding=\"async\" width=\"2219\" height=\"2560\" data-id=\"1246\" src=\"https:\/\/ragdolls-traumauge.de\/wp-content\/uploads\/2025\/12\/IMG_3733-scaled.jpeg\" alt=\"\" class=\"wp-image-1246\" srcset=\"https:\/\/ragdolls-traumauge.de\/wp-content\/uploads\/2025\/12\/IMG_3733-scaled.jpeg 2219w, https:\/\/ragdolls-traumauge.de\/wp-content\/uploads\/2025\/12\/IMG_3733-260x300.jpeg 260w\" sizes=\"auto, (max-width: 2219px) 100vw, 2219px\" \/><\/a><\/figure>\n\n\n\n<figure class=\"wp-block-image size-large\"><a href=\"https:\/\/ragdolls-traumauge.de\/wp-content\/uploads\/2025\/12\/MG_1406.jpeg\"><img loading=\"lazy\" decoding=\"async\" width=\"1024\" height=\"827\" data-id=\"1248\" src=\"https:\/\/ragdolls-traumauge.de\/wp-content\/uploads\/2025\/12\/MG_1406-1024x827.jpeg\" alt=\"\" class=\"wp-image-1248\" srcset=\"https:\/\/ragdolls-traumauge.de\/wp-content\/uploads\/2025\/12\/MG_1406-1024x827.jpeg 1024w, https:\/\/ragdolls-traumauge.de\/wp-content\/uploads\/2025\/12\/MG_1406-300x242.jpeg 300w, https:\/\/ragdolls-traumauge.de\/wp-content\/uploads\/2025\/12\/MG_1406-768x621.jpeg 768w, https:\/\/ragdolls-traumauge.de\/wp-content\/uploads\/2025\/12\/MG_1406.jpeg 1308w\" sizes=\"auto, (max-width: 1024px) 100vw, 1024px\" \/><\/a><\/figure>\n\n\n\n<figure class=\"wp-block-image size-large\"><a href=\"https:\/\/ragdolls-traumauge.de\/wp-content\/uploads\/2026\/01\/IMG_3829-scaled.jpeg\"><img loading=\"lazy\" decoding=\"async\" width=\"768\" height=\"1024\" data-id=\"1264\" src=\"https:\/\/ragdolls-traumauge.de\/wp-content\/uploads\/2026\/01\/IMG_3829-768x1024.jpeg\" alt=\"\" class=\"wp-image-1264\" srcset=\"https:\/\/ragdolls-traumauge.de\/wp-content\/uploads\/2026\/01\/IMG_3829-768x1024.jpeg 768w, https:\/\/ragdolls-traumauge.de\/wp-content\/uploads\/2026\/01\/IMG_3829-225x300.jpeg 225w, https:\/\/ragdolls-traumauge.de\/wp-content\/uploads\/2026\/01\/IMG_3829-scaled.jpeg 1920w\" sizes=\"auto, (max-width: 768px) 100vw, 768px\" \/><\/a><\/figure>\n\n\n\n<figure class=\"wp-block-image size-large\"><a href=\"https:\/\/ragdolls-traumauge.de\/wp-content\/uploads\/2025\/12\/IMG_3788-scaled.jpeg\"><img loading=\"lazy\" decoding=\"async\" width=\"886\" height=\"1024\" data-id=\"1253\" src=\"https:\/\/ragdolls-traumauge.de\/wp-content\/uploads\/2025\/12\/IMG_3788-886x1024.jpeg\" alt=\"\" class=\"wp-image-1253\" srcset=\"https:\/\/ragdolls-traumauge.de\/wp-content\/uploads\/2025\/12\/IMG_3788-886x1024.jpeg 886w, https:\/\/ragdolls-traumauge.de\/wp-content\/uploads\/2025\/12\/IMG_3788-260x300.jpeg 260w, https:\/\/ragdolls-traumauge.de\/wp-content\/uploads\/2025\/12\/IMG_3788-768x888.jpeg 768w, https:\/\/ragdolls-traumauge.de\/wp-content\/uploads\/2025\/12\/IMG_3788-1329x1536.jpeg 1329w, https:\/\/ragdolls-traumauge.de\/wp-content\/uploads\/2025\/12\/IMG_3788-1772x2048.jpeg 1772w\" sizes=\"auto, (max-width: 886px) 100vw, 886px\" \/><\/a><\/figure>\n<\/figure>\n\n\n\n<figure class=\"wp-block-gallery has-nested-images columns-default is-cropped wp-block-gallery-2 is-layout-flex wp-block-gallery-is-layout-flex\">\n<figure class=\"wp-block-image size-large\"><a href=\"https:\/\/ragdolls-traumauge.de\/wp-content\/uploads\/2026\/01\/IMG_3918-scaled.jpeg\"><img loading=\"lazy\" decoding=\"async\" width=\"2282\" height=\"2560\" data-id=\"1305\" src=\"https:\/\/ragdolls-traumauge.de\/wp-content\/uploads\/2026\/01\/IMG_3918-scaled.jpeg\" alt=\"\" class=\"wp-image-1305\" srcset=\"https:\/\/ragdolls-traumauge.de\/wp-content\/uploads\/2026\/01\/IMG_3918-scaled.jpeg 2282w, https:\/\/ragdolls-traumauge.de\/wp-content\/uploads\/2026\/01\/IMG_3918-267x300.jpeg 267w\" sizes=\"auto, (max-width: 2282px) 100vw, 2282px\" \/><\/a><\/figure>\n\n\n\n<figure class=\"wp-block-image size-large\"><a href=\"https:\/\/ragdolls-traumauge.de\/wp-content\/uploads\/2026\/01\/IMG_3919-scaled.jpeg\"><img loading=\"lazy\" decoding=\"async\" width=\"1024\" height=\"716\" data-id=\"1304\" src=\"https:\/\/ragdolls-traumauge.de\/wp-content\/uploads\/2026\/01\/IMG_3919-1024x716.jpeg\" alt=\"\" class=\"wp-image-1304\" srcset=\"https:\/\/ragdolls-traumauge.de\/wp-content\/uploads\/2026\/01\/IMG_3919-1024x716.jpeg 1024w, https:\/\/ragdolls-traumauge.de\/wp-content\/uploads\/2026\/01\/IMG_3919-300x210.jpeg 300w, https:\/\/ragdolls-traumauge.de\/wp-content\/uploads\/2026\/01\/IMG_3919-768x537.jpeg 768w, https:\/\/ragdolls-traumauge.de\/wp-content\/uploads\/2026\/01\/IMG_3919-1536x1074.jpeg 1536w, https:\/\/ragdolls-traumauge.de\/wp-content\/uploads\/2026\/01\/IMG_3919-2048x1432.jpeg 2048w\" sizes=\"auto, (max-width: 1024px) 100vw, 1024px\" \/><\/a><\/figure>\n\n\n\n<figure class=\"wp-block-image size-large\"><a href=\"https:\/\/ragdolls-traumauge.de\/wp-content\/uploads\/2026\/01\/IMG_3910-scaled.jpeg\"><img loading=\"lazy\" decoding=\"async\" width=\"835\" height=\"1024\" data-id=\"1308\" src=\"https:\/\/ragdolls-traumauge.de\/wp-content\/uploads\/2026\/01\/IMG_3910-835x1024.jpeg\" alt=\"\" class=\"wp-image-1308\" srcset=\"https:\/\/ragdolls-traumauge.de\/wp-content\/uploads\/2026\/01\/IMG_3910-835x1024.jpeg 835w, https:\/\/ragdolls-traumauge.de\/wp-content\/uploads\/2026\/01\/IMG_3910-245x300.jpeg 245w, https:\/\/ragdolls-traumauge.de\/wp-content\/uploads\/2026\/01\/IMG_3910-768x942.jpeg 768w, https:\/\/ragdolls-traumauge.de\/wp-content\/uploads\/2026\/01\/IMG_3910-1253x1536.jpeg 1253w, https:\/\/ragdolls-traumauge.de\/wp-content\/uploads\/2026\/01\/IMG_3910-1670x2048.jpeg 1670w\" sizes=\"auto, (max-width: 835px) 100vw, 835px\" \/><\/a><\/figure>\n\n\n\n<figure class=\"wp-block-image size-large\"><a href=\"https:\/\/ragdolls-traumauge.de\/wp-content\/uploads\/2026\/01\/IMG_3913-scaled.jpeg\"><img loading=\"lazy\" decoding=\"async\" width=\"812\" height=\"1024\" data-id=\"1307\" src=\"https:\/\/ragdolls-traumauge.de\/wp-content\/uploads\/2026\/01\/IMG_3913-812x1024.jpeg\" alt=\"\" class=\"wp-image-1307\" srcset=\"https:\/\/ragdolls-traumauge.de\/wp-content\/uploads\/2026\/01\/IMG_3913-812x1024.jpeg 812w, https:\/\/ragdolls-traumauge.de\/wp-content\/uploads\/2026\/01\/IMG_3913-238x300.jpeg 238w, https:\/\/ragdolls-traumauge.de\/wp-content\/uploads\/2026\/01\/IMG_3913-768x969.jpeg 768w, https:\/\/ragdolls-traumauge.de\/wp-content\/uploads\/2026\/01\/IMG_3913-1218x1536.jpeg 1218w, https:\/\/ragdolls-traumauge.de\/wp-content\/uploads\/2026\/01\/IMG_3913-1624x2048.jpeg 1624w, https:\/\/ragdolls-traumauge.de\/wp-content\/uploads\/2026\/01\/IMG_3913-scaled.jpeg 2029w\" sizes=\"auto, (max-width: 812px) 100vw, 812px\" \/><\/a><\/figure>\n<\/figure>\n\n\n\n<figure class=\"wp-block-gallery has-nested-images columns-default is-cropped wp-block-gallery-3 is-layout-flex wp-block-gallery-is-layout-flex\">\n<figure class=\"wp-block-image size-large\"><a href=\"https:\/\/ragdolls-traumauge.de\/wp-content\/uploads\/2026\/01\/IMG_4110.jpeg\"><img loading=\"lazy\" decoding=\"async\" width=\"818\" height=\"1024\" data-id=\"1329\" src=\"https:\/\/ragdolls-traumauge.de\/wp-content\/uploads\/2026\/01\/IMG_4110-818x1024.jpeg\" alt=\"\" class=\"wp-image-1329\" srcset=\"https:\/\/ragdolls-traumauge.de\/wp-content\/uploads\/2026\/01\/IMG_4110-818x1024.jpeg 818w, https:\/\/ragdolls-traumauge.de\/wp-content\/uploads\/2026\/01\/IMG_4110-240x300.jpeg 240w, https:\/\/ragdolls-traumauge.de\/wp-content\/uploads\/2026\/01\/IMG_4110-768x961.jpeg 768w, https:\/\/ragdolls-traumauge.de\/wp-content\/uploads\/2026\/01\/IMG_4110-1228x1536.jpeg 1228w, https:\/\/ragdolls-traumauge.de\/wp-content\/uploads\/2026\/01\/IMG_4110.jpeg 1633w\" sizes=\"auto, (max-width: 818px) 100vw, 818px\" \/><\/a><figcaption class=\"wp-element-caption\">Dayo fast 6 Wochen alt<\/figcaption><\/figure>\n\n\n\n<figure class=\"wp-block-image size-large\"><a href=\"https:\/\/ragdolls-traumauge.de\/wp-content\/uploads\/2026\/01\/IMG_4114-scaled.jpeg\"><img loading=\"lazy\" decoding=\"async\" width=\"716\" height=\"1024\" data-id=\"1330\" src=\"https:\/\/ragdolls-traumauge.de\/wp-content\/uploads\/2026\/01\/IMG_4114-716x1024.jpeg\" alt=\"\" class=\"wp-image-1330\" srcset=\"https:\/\/ragdolls-traumauge.de\/wp-content\/uploads\/2026\/01\/IMG_4114-716x1024.jpeg 716w, https:\/\/ragdolls-traumauge.de\/wp-content\/uploads\/2026\/01\/IMG_4114-210x300.jpeg 210w, https:\/\/ragdolls-traumauge.de\/wp-content\/uploads\/2026\/01\/IMG_4114-768x1099.jpeg 768w, https:\/\/ragdolls-traumauge.de\/wp-content\/uploads\/2026\/01\/IMG_4114-1074x1536.jpeg 1074w, https:\/\/ragdolls-traumauge.de\/wp-content\/uploads\/2026\/01\/IMG_4114-1431x2048.jpeg 1431w, https:\/\/ragdolls-traumauge.de\/wp-content\/uploads\/2026\/01\/IMG_4114-scaled.jpeg 1789w\" sizes=\"auto, (max-width: 716px) 100vw, 716px\" \/><\/a><figcaption class=\"wp-element-caption\">Dayo fast 6 Wochen alt<\/figcaption><\/figure>\n\n\n\n<figure class=\"wp-block-image size-large\"><a href=\"https:\/\/ragdolls-traumauge.de\/wp-content\/uploads\/2026\/01\/IMG_4120-scaled.jpeg\"><img loading=\"lazy\" decoding=\"async\" width=\"693\" height=\"1024\" data-id=\"1331\" src=\"https:\/\/ragdolls-traumauge.de\/wp-content\/uploads\/2026\/01\/IMG_4120-693x1024.jpeg\" alt=\"\" class=\"wp-image-1331\" srcset=\"https:\/\/ragdolls-traumauge.de\/wp-content\/uploads\/2026\/01\/IMG_4120-693x1024.jpeg 693w, https:\/\/ragdolls-traumauge.de\/wp-content\/uploads\/2026\/01\/IMG_4120-203x300.jpeg 203w, https:\/\/ragdolls-traumauge.de\/wp-content\/uploads\/2026\/01\/IMG_4120-768x1135.jpeg 768w, https:\/\/ragdolls-traumauge.de\/wp-content\/uploads\/2026\/01\/IMG_4120-1040x1536.jpeg 1040w, https:\/\/ragdolls-traumauge.de\/wp-content\/uploads\/2026\/01\/IMG_4120-1386x2048.jpeg 1386w, https:\/\/ragdolls-traumauge.de\/wp-content\/uploads\/2026\/01\/IMG_4120-scaled.jpeg 1733w\" sizes=\"auto, (max-width: 693px) 100vw, 693px\" \/><\/a><figcaption class=\"wp-element-caption\">Dayo fast 6 Wochen alt<\/figcaption><\/figure>\n\n\n\n<figure class=\"wp-block-image size-large\"><a href=\"https:\/\/ragdolls-traumauge.de\/wp-content\/uploads\/2026\/01\/IMG_4126.jpeg\"><img loading=\"lazy\" decoding=\"async\" width=\"696\" height=\"1024\" data-id=\"1332\" src=\"https:\/\/ragdolls-traumauge.de\/wp-content\/uploads\/2026\/01\/IMG_4126-696x1024.jpeg\" alt=\"\" class=\"wp-image-1332\" srcset=\"https:\/\/ragdolls-traumauge.de\/wp-content\/uploads\/2026\/01\/IMG_4126-696x1024.jpeg 696w, https:\/\/ragdolls-traumauge.de\/wp-content\/uploads\/2026\/01\/IMG_4126-204x300.jpeg 204w, https:\/\/ragdolls-traumauge.de\/wp-content\/uploads\/2026\/01\/IMG_4126-768x1130.jpeg 768w, https:\/\/ragdolls-traumauge.de\/wp-content\/uploads\/2026\/01\/IMG_4126-1044x1536.jpeg 1044w, https:\/\/ragdolls-traumauge.de\/wp-content\/uploads\/2026\/01\/IMG_4126-1391x2048.jpeg 1391w, https:\/\/ragdolls-traumauge.de\/wp-content\/uploads\/2026\/01\/IMG_4126.jpeg 1649w\" sizes=\"auto, (max-width: 696px) 100vw, 696px\" \/><\/a><figcaption class=\"wp-element-caption\">Dayo fast 6 Wochen alt<\/figcaption><\/figure>\n\n\n\n<figure class=\"wp-block-image size-large\"><a href=\"https:\/\/ragdolls-traumauge.de\/wp-content\/uploads\/2026\/01\/IMG_4147.jpeg\"><img loading=\"lazy\" decoding=\"async\" width=\"1024\" height=\"831\" data-id=\"1333\" src=\"https:\/\/ragdolls-traumauge.de\/wp-content\/uploads\/2026\/01\/IMG_4147-1024x831.jpeg\" alt=\"\" class=\"wp-image-1333\" srcset=\"https:\/\/ragdolls-traumauge.de\/wp-content\/uploads\/2026\/01\/IMG_4147-1024x831.jpeg 1024w, https:\/\/ragdolls-traumauge.de\/wp-content\/uploads\/2026\/01\/IMG_4147-300x243.jpeg 300w, https:\/\/ragdolls-traumauge.de\/wp-content\/uploads\/2026\/01\/IMG_4147-768x623.jpeg 768w, https:\/\/ragdolls-traumauge.de\/wp-content\/uploads\/2026\/01\/IMG_4147-1536x1246.jpeg 1536w, https:\/\/ragdolls-traumauge.de\/wp-content\/uploads\/2026\/01\/IMG_4147.jpeg 1991w\" sizes=\"auto, (max-width: 1024px) 100vw, 1024px\" \/><\/a><figcaption class=\"wp-element-caption\">Dayo und sein Papa Ilay Nuri<\/figcaption><\/figure>\n<\/figure>\n\n\n\n<figure class=\"wp-block-image size-large\"><a href=\"https:\/\/ragdolls-traumauge.de\/wp-content\/uploads\/2026\/02\/IMG_4681-scaled.jpeg\"><img loading=\"lazy\" decoding=\"async\" width=\"768\" height=\"1024\" src=\"https:\/\/ragdolls-traumauge.de\/wp-content\/uploads\/2026\/02\/IMG_4681-768x1024.jpeg\" alt=\"\" class=\"wp-image-1492\" srcset=\"https:\/\/ragdolls-traumauge.de\/wp-content\/uploads\/2026\/02\/IMG_4681-768x1024.jpeg 768w, https:\/\/ragdolls-traumauge.de\/wp-content\/uploads\/2026\/02\/IMG_4681-225x300.jpeg 225w, https:\/\/ragdolls-traumauge.de\/wp-content\/uploads\/2026\/02\/IMG_4681-scaled.jpeg 1920w\" sizes=\"auto, (max-width: 768px) 100vw, 768px\" \/><\/a><figcaption class=\"wp-element-caption\">Dayo in Aktion<\/figcaption><\/figure>\n\n\n\n<figure class=\"wp-block-gallery has-nested-images columns-default is-cropped wp-block-gallery-4 is-layout-flex wp-block-gallery-is-layout-flex\">\n<figure class=\"wp-block-image size-full\"><a href=\"https:\/\/ragdolls-traumauge.de\/wp-content\/uploads\/2026\/02\/IMG_4560-scaled.jpeg\"><img loading=\"lazy\" decoding=\"async\" width=\"2104\" height=\"2560\" data-id=\"1479\" src=\"https:\/\/ragdolls-traumauge.de\/wp-content\/uploads\/2026\/02\/IMG_4560-scaled.jpeg\" alt=\"\" class=\"wp-image-1479\" srcset=\"https:\/\/ragdolls-traumauge.de\/wp-content\/uploads\/2026\/02\/IMG_4560-scaled.jpeg 2104w, https:\/\/ragdolls-traumauge.de\/wp-content\/uploads\/2026\/02\/IMG_4560-247x300.jpeg 247w\" sizes=\"auto, (max-width: 2104px) 100vw, 2104px\" \/><\/a><\/figure>\n\n\n\n<figure class=\"wp-block-image size-large\"><a href=\"https:\/\/ragdolls-traumauge.de\/wp-content\/uploads\/2026\/01\/MG_1431.jpeg\"><img loading=\"lazy\" decoding=\"async\" width=\"1024\" height=\"683\" data-id=\"1342\" src=\"https:\/\/ragdolls-traumauge.de\/wp-content\/uploads\/2026\/01\/MG_1431-1024x683.jpeg\" alt=\"\" class=\"wp-image-1342\" srcset=\"https:\/\/ragdolls-traumauge.de\/wp-content\/uploads\/2026\/01\/MG_1431-1024x683.jpeg 1024w, https:\/\/ragdolls-traumauge.de\/wp-content\/uploads\/2026\/01\/MG_1431-300x200.jpeg 300w, https:\/\/ragdolls-traumauge.de\/wp-content\/uploads\/2026\/01\/MG_1431-768x512.jpeg 768w, https:\/\/ragdolls-traumauge.de\/wp-content\/uploads\/2026\/01\/MG_1431-1536x1024.jpeg 1536w, https:\/\/ragdolls-traumauge.de\/wp-content\/uploads\/2026\/01\/MG_1431.jpeg 1620w\" sizes=\"auto, (max-width: 1024px) 100vw, 1024px\" \/><\/a><\/figure>\n<\/figure>\n\n\n\n<p><a href=\"https:\/\/ragdolls-traumauge.de\/wp-content\/uploads\/2026\/02\/IMG_4265.mov\">https:\/\/ragdolls-traumauge.de\/wp-content\/uploads\/2026\/02\/IMG_4265.mov<\/a><\/p>\n\n\n\n<figure class=\"wp-block-image size-large\"><a href=\"https:\/\/ragdolls-traumauge.de\/wp-content\/uploads\/2026\/03\/IMG_5246-scaled.jpeg\"><img loading=\"lazy\" decoding=\"async\" width=\"768\" height=\"1024\" src=\"https:\/\/ragdolls-traumauge.de\/wp-content\/uploads\/2026\/03\/IMG_5246-768x1024.jpeg\" alt=\"\" class=\"wp-image-1608\" srcset=\"https:\/\/ragdolls-traumauge.de\/wp-content\/uploads\/2026\/03\/IMG_5246-768x1024.jpeg 768w, https:\/\/ragdolls-traumauge.de\/wp-content\/uploads\/2026\/03\/IMG_5246-225x300.jpeg 225w, https:\/\/ragdolls-traumauge.de\/wp-content\/uploads\/2026\/03\/IMG_5246-scaled.jpeg 1920w\" sizes=\"auto, (max-width: 768px) 100vw, 768px\" \/><\/a><\/figure>\n\n\n\n<figure class=\"wp-block-image size-large\"><a href=\"https:\/\/ragdolls-traumauge.de\/wp-content\/uploads\/2026\/03\/IMG_5469.jpeg\"><img loading=\"lazy\" decoding=\"async\" width=\"906\" height=\"1024\" src=\"https:\/\/ragdolls-traumauge.de\/wp-content\/uploads\/2026\/03\/IMG_5469-906x1024.jpeg\" alt=\"\" class=\"wp-image-1611\" srcset=\"https:\/\/ragdolls-traumauge.de\/wp-content\/uploads\/2026\/03\/IMG_5469-906x1024.jpeg 906w, https:\/\/ragdolls-traumauge.de\/wp-content\/uploads\/2026\/03\/IMG_5469-265x300.jpeg 265w, https:\/\/ragdolls-traumauge.de\/wp-content\/uploads\/2026\/03\/IMG_5469-768x868.jpeg 768w, https:\/\/ragdolls-traumauge.de\/wp-content\/uploads\/2026\/03\/IMG_5469.jpeg 1205w\" sizes=\"auto, (max-width: 906px) 100vw, 906px\" \/><\/a><figcaption class=\"wp-element-caption\">Screenshot<\/figcaption><\/figure>\n\n\n\n<figure class=\"wp-block-image\"><img loading=\"lazy\" decoding=\"async\" width=\"1920\" height=\"2560\" src=\"https:\/\/ragdolls-traumauge.de\/wp-content\/uploads\/2026\/03\/IMG_5130-2-scaled.jpeg\" alt=\"\" class=\"wp-image-1586\" srcset=\"https:\/\/ragdolls-traumauge.de\/wp-content\/uploads\/2026\/03\/IMG_5130-2-scaled.jpeg 1920w, https:\/\/ragdolls-traumauge.de\/wp-content\/uploads\/2026\/03\/IMG_5130-2-225x300.jpeg 225w, https:\/\/ragdolls-traumauge.de\/wp-content\/uploads\/2026\/03\/IMG_5130-2-768x1024.jpeg 768w\" sizes=\"auto, (max-width: 1920px) 100vw, 1920px\" \/><\/figure>\n\n\n\n<figure class=\"wp-block-image size-large\"><a href=\"https:\/\/ragdolls-traumauge.de\/wp-content\/uploads\/2026\/03\/IMG_4967-scaled.jpeg\"><img loading=\"lazy\" decoding=\"async\" width=\"768\" height=\"1024\" src=\"https:\/\/ragdolls-traumauge.de\/wp-content\/uploads\/2026\/03\/IMG_4967-768x1024.jpeg\" alt=\"\" class=\"wp-image-1561\" srcset=\"https:\/\/ragdolls-traumauge.de\/wp-content\/uploads\/2026\/03\/IMG_4967-768x1024.jpeg 768w, https:\/\/ragdolls-traumauge.de\/wp-content\/uploads\/2026\/03\/IMG_4967-225x300.jpeg 225w, https:\/\/ragdolls-traumauge.de\/wp-content\/uploads\/2026\/03\/IMG_4967-scaled.jpeg 1920w\" sizes=\"auto, (max-width: 768px) 100vw, 768px\" \/><\/a><\/figure>\n\n\n\n<figure class=\"wp-block-image size-large\"><a href=\"https:\/\/ragdolls-traumauge.de\/wp-content\/uploads\/2026\/04\/IMG_5627-scaled.jpeg\"><img loading=\"lazy\" decoding=\"async\" width=\"559\" height=\"1024\" src=\"https:\/\/ragdolls-traumauge.de\/wp-content\/uploads\/2026\/04\/IMG_5627-559x1024.jpeg\" alt=\"\" class=\"wp-image-1654\" srcset=\"https:\/\/ragdolls-traumauge.de\/wp-content\/uploads\/2026\/04\/IMG_5627-559x1024.jpeg 559w, https:\/\/ragdolls-traumauge.de\/wp-content\/uploads\/2026\/04\/IMG_5627-164x300.jpeg 164w, https:\/\/ragdolls-traumauge.de\/wp-content\/uploads\/2026\/04\/IMG_5627-768x1408.jpeg 768w, https:\/\/ragdolls-traumauge.de\/wp-content\/uploads\/2026\/04\/IMG_5627-838x1536.jpeg 838w, https:\/\/ragdolls-traumauge.de\/wp-content\/uploads\/2026\/04\/IMG_5627-1117x2048.jpeg 1117w, https:\/\/ragdolls-traumauge.de\/wp-content\/uploads\/2026\/04\/IMG_5627-scaled.jpeg 1397w\" sizes=\"auto, (max-width: 559px) 100vw, 559px\" \/><\/a><\/figure>\n\n\n\n<figure class=\"wp-block-image size-large\"><a href=\"https:\/\/ragdolls-traumauge.de\/wp-content\/uploads\/2026\/04\/IMG_5603-scaled.jpeg\"><img loading=\"lazy\" decoding=\"async\" width=\"768\" height=\"1024\" src=\"https:\/\/ragdolls-traumauge.de\/wp-content\/uploads\/2026\/04\/IMG_5603-768x1024.jpeg\" alt=\"\" class=\"wp-image-1641\" srcset=\"https:\/\/ragdolls-traumauge.de\/wp-content\/uploads\/2026\/04\/IMG_5603-768x1024.jpeg 768w, https:\/\/ragdolls-traumauge.de\/wp-content\/uploads\/2026\/04\/IMG_5603-225x300.jpeg 225w, https:\/\/ragdolls-traumauge.de\/wp-content\/uploads\/2026\/04\/IMG_5603-scaled.jpeg 1920w\" sizes=\"auto, (max-width: 768px) 100vw, 768px\" \/><\/a><\/figure>\n","protected":false},"excerpt":{"rendered":"<p>Dayo Puma Dino v. Traumauge, m\u00e4nnlich, Seal Mitted. Er ist neugierig, sitzt, spielt oder schl\u00e4ft inzwischen gerne auch auf meinem Scho\u00df. Nun futtert der kleine Sonnenschein selbstst\u00e4ndig. Da er ein Einzelprinz ist, l\u00e4uft er inzwischen mit den gro\u00dfen Katzen umher und fordert sie auf, mit ihm herumzutollen. Er ist somit Bestandteil der Gruppe und wird [&hellip;]<\/p>\n","protected":false},"author":1,"featured_media":0,"parent":0,"menu_order":0,"comment_status":"closed","ping_status":"closed","template":"","meta":{"footnotes":""},"class_list":["post-1136","page","type-page","status-publish","hentry"],"_links":{"self":[{"href":"https:\/\/ragdolls-traumauge.de\/index.php?rest_route=\/wp\/v2\/pages\/1136","targetHints":{"allow":["GET"]}}],"collection":[{"href":"https:\/\/ragdolls-traumauge.de\/index.php?rest_route=\/wp\/v2\/pages"}],"about":[{"href":"https:\/\/ragdolls-traumauge.de\/index.php?rest_route=\/wp\/v2\/types\/page"}],"author":[{"embeddable":true,"href":"https:\/\/ragdolls-traumauge.de\/index.php?rest_route=\/wp\/v2\/users\/1"}],"replies":[{"embeddable":true,"href":"https:\/\/ragdolls-traumauge.de\/index.php?rest_route=%2Fwp%2Fv2%2Fcomments&post=1136"}],"version-history":[{"count":49,"href":"https:\/\/ragdolls-traumauge.de\/index.php?rest_route=\/wp\/v2\/pages\/1136\/revisions"}],"predecessor-version":[{"id":1655,"href":"https:\/\/ragdolls-traumauge.de\/index.php?rest_route=\/wp\/v2\/pages\/1136\/revisions\/1655"}],"wp:attachment":[{"href":"https:\/\/ragdolls-traumauge.de\/index.php?rest_route=%2Fwp%2Fv2%2Fmedia&parent=1136"}],"curies":[{"name":"wp","href":"https:\/\/api.w.org\/{rel}","templated":true}]}}